{"id":494,"date":"2021-11-01T14:28:52","date_gmt":"2021-11-01T13:28:52","guid":{"rendered":"https:\/\/demo.athemes.com\/sydney-main\/?page_id=494"},"modified":"2025-02-10T13:21:15","modified_gmt":"2025-02-10T12:21:15","slug":"oklastrze","status":"publish","type":"page","link":"https:\/\/ictcluster.pl\/en\/oklastrze\/","title":{"rendered":"About Us"},"content":{"rendered":"<div data-elementor-type=\"wp-page\" data-elementor-id=\"494\" class=\"elementor elementor-494\">\n\t\t\t\t\t\t<section class=\"elementor-section elementor-top-section elementor-element elementor-element-2b5663b elementor-section-content-middle elementor-section-boxed elementor-section-height-default elementor-section-height-default\" data-id=\"2b5663b\" data-element_type=\"section\">\n\t\t\t\t\t\t<div class=\"elementor-container elementor-column-gap-default\">\n\t\t\t\t\t<div class=\"elementor-column elementor-col-100 elementor-top-column elementor-element elementor-element-4268857\" data-id=\"4268857\" data-element_type=\"column\">\n\t\t\t<div class=\"elementor-widget-wrap elementor-element-populated\">\n\t\t\t\t\t\t<div class=\"elementor-element elementor-element-344bd04 elementor-widget elementor-widget-heading\" data-id=\"344bd04\" data-element_type=\"widget\" data-widget_type=\"heading.default\">\n\t\t\t\t<div class=\"elementor-widget-container\">\n\t\t\t\t\t<h2 class=\"elementor-heading-title elementor-size-default\">About the cluster<\/h2>\t\t\t\t<\/div>\n\t\t\t\t<\/div>\n\t\t\t\t\t<\/div>\n\t\t<\/div>\n\t\t\t\t\t<\/div>\n\t\t<\/section>\n\t\t\t\t<section class=\"elementor-section elementor-top-section elementor-element elementor-element-0ffc475 elementor-section-boxed elementor-section-height-default elementor-section-height-default\" data-id=\"0ffc475\" data-element_type=\"section\">\n\t\t\t\t\t\t<div class=\"elementor-container elementor-column-gap-default\">\n\t\t\t\t\t<div class=\"elementor-column elementor-col-50 elementor-top-column elementor-element elementor-element-1d5c50c\" data-id=\"1d5c50c\" data-element_type=\"column\">\n\t\t\t<div class=\"elementor-widget-wrap elementor-element-populated\">\n\t\t\t\t\t\t<div class=\"elementor-element elementor-element-1b48c17 elementor-widget elementor-widget-heading\" data-id=\"1b48c17\" data-element_type=\"widget\" data-widget_type=\"heading.default\">\n\t\t\t\t<div class=\"elementor-widget-container\">\n\t\t\t\t\t<h6 class=\"elementor-heading-title elementor-size-default\">Lodz ICT Cluster<\/h6>\t\t\t\t<\/div>\n\t\t\t\t<\/div>\n\t\t\t\t<div class=\"elementor-element elementor-element-4056ae6 elementor-widget elementor-widget-heading\" data-id=\"4056ae6\" data-element_type=\"widget\" data-widget_type=\"heading.default\">\n\t\t\t\t<div class=\"elementor-widget-container\">\n\t\t\t\t\t<div class=\"elementor-heading-title elementor-size-default\">Lodz ICT Cluster was established on 1 July 2012 at the initiative of the Lodz University of Technology coordinator of this undertaking. The activities of the cluster serve to integrate the environment of the sector entities, build social awareness of the possibilities for education, work and further development in the broadly defined IT industry in the region, as well as creating conditions for the creation of new jobs in the region.\nAn important aspect of the cluster's activity is\ndevelopment and education of human resources for the dynamically developing IT and telecommunications sector in the region.\nand telecommunication industry that is dynamically developing in the region. These activities are implemented as part of ongoing cooperation between university departments\nwith enterprises from the cluster and lead to the adaptation of the educational offer of the university to the needs of the labour market.\n\u0141\u00f3dzki Klaster ICT also cooperates with government administration and self-government administration regarding the existing and future\npotential of the ICT industry in the area of creating the labour market, investments and economic development of the region.<br><br><br><\/div>\t\t\t\t<\/div>\n\t\t\t\t<\/div>\n\t\t\t\t<div class=\"elementor-element elementor-element-2e2b760 elementor-align-left elementor-mobile-align-center elementor-widget elementor-widget-button\" data-id=\"2e2b760\" data-element_type=\"widget\" data-widget_type=\"button.default\">\n\t\t\t\t<div class=\"elementor-widget-container\">\n\t\t\t\t\t\t\t\t\t<div class=\"elementor-button-wrapper\">\n\t\t\t\t\t<a class=\"elementor-button elementor-button-link elementor-size-sm\" href=\"https:\/\/ictcluster.pl\/wp-content\/uploads\/2025\/02\/ICT-KATALOG-KORZYSCI-2025.pdf\" target=\"_blank\">\n\t\t\t\t\t\t<span class=\"elementor-button-content-wrapper\">\n\t\t\t\t\t\t\t\t\t<span class=\"elementor-button-text\">download catalogue of benefits of cluster participation<\/span>\n\t\t\t\t\t<\/span>\n\t\t\t\t\t<\/a>\n\t\t\t\t<\/div>\n\t\t\t\t\t\t\t\t<\/div>\n\t\t\t\t<\/div>\n\t\t\t\t\t<\/div>\n\t\t<\/div>\n\t\t\t\t<div class=\"elementor-column elementor-col-50 elementor-top-column elementor-element elementor-element-ef7436d\" data-id=\"ef7436d\" data-element_type=\"column\">\n\t\t\t<div class=\"elementor-widget-wrap elementor-element-populated\">\n\t\t\t\t\t\t<div class=\"elementor-element elementor-element-8dac020 elementor-widget elementor-widget-image\" data-id=\"8dac020\" data-element_type=\"widget\" data-widget_type=\"image.default\">\n\t\t\t\t<div class=\"elementor-widget-container\">\n\t\t\t\t\t\t\t\t\t\t\t\t\t\t\t<img fetchpriority=\"high\" decoding=\"async\" width=\"683\" height=\"1024\" src=\"https:\/\/ictcluster.pl\/wp-content\/uploads\/2023\/05\/closeup-computer-parts.jpg\" class=\"attachment-large size-large wp-image-1604\" alt=\"\" \/>\t\t\t\t\t\t\t\t\t\t\t\t\t\t\t<\/div>\n\t\t\t\t<\/div>\n\t\t\t\t\t<\/div>\n\t\t<\/div>\n\t\t\t\t\t<\/div>\n\t\t<\/section>\n\t\t\t\t<section class=\"elementor-section elementor-inner-section elementor-element elementor-element-e1328a2 elementor-section-boxed elementor-section-height-default elementor-section-height-default\" data-id=\"e1328a2\" data-element_type=\"section\">\n\t\t\t\t\t\t<div class=\"elementor-container elementor-column-gap-default\">\n\t\t\t\t\t<div class=\"elementor-column elementor-col-33 elementor-inner-column elementor-element elementor-element-f963576\" data-id=\"f963576\" data-element_type=\"column\">\n\t\t\t<div class=\"elementor-widget-wrap elementor-element-populated\">\n\t\t\t\t\t\t<div class=\"elementor-element elementor-element-b8aa814 elementor-view-stacked elementor-shape-circle elementor-position-top elementor-mobile-position-top elementor-widget elementor-widget-icon-box\" data-id=\"b8aa814\" data-element_type=\"widget\" data-widget_type=\"icon-box.default\">\n\t\t\t\t<div class=\"elementor-widget-container\">\n\t\t\t\t\t\t\t<div class=\"elementor-icon-box-wrapper\">\n\n\t\t\t\t\t\t<div class=\"elementor-icon-box-icon\">\n\t\t\t\t<span  class=\"elementor-icon elementor-animation-\">\n\t\t\t\t<i aria-hidden=\"true\" class=\"fas fa-handshake\"><\/i>\t\t\t\t<\/span>\n\t\t\t<\/div>\n\t\t\t\n\t\t\t\t\t\t<div class=\"elementor-icon-box-content\">\n\n\t\t\t\t\t\t\t\t\t<h3 class=\"elementor-icon-box-title\">\n\t\t\t\t\t\t<span  >\n\t\t\t\t\t\t\tSector integration\t\t\t\t\t\t<\/span>\n\t\t\t\t\t<\/h3>\n\t\t\t\t\n\t\t\t\t\t\t\t\t\t<p class=\"elementor-icon-box-description\">\n\t\t\t\t\t\t<b>Integration of the Lodz ICT industry - a forum for exchanging views and experiences on various aspects of business activity<\/b>\t\t\t\t\t<\/p>\n\t\t\t\t\n\t\t\t<\/div>\n\t\t\t\n\t\t<\/div>\n\t\t\t\t\t\t<\/div>\n\t\t\t\t<\/div>\n\t\t\t\t\t<\/div>\n\t\t<\/div>\n\t\t\t\t<div class=\"elementor-column elementor-col-33 elementor-inner-column elementor-element elementor-element-7ac3907\" data-id=\"7ac3907\" data-element_type=\"column\">\n\t\t\t<div class=\"elementor-widget-wrap elementor-element-populated\">\n\t\t\t\t\t\t<div class=\"elementor-element elementor-element-3388f3e elementor-view-stacked elementor-shape-circle elementor-position-top elementor-mobile-position-top elementor-widget elementor-widget-icon-box\" data-id=\"3388f3e\" data-element_type=\"widget\" data-widget_type=\"icon-box.default\">\n\t\t\t\t<div class=\"elementor-widget-container\">\n\t\t\t\t\t\t\t<div class=\"elementor-icon-box-wrapper\">\n\n\t\t\t\t\t\t<div class=\"elementor-icon-box-icon\">\n\t\t\t\t<span  class=\"elementor-icon elementor-animation-\">\n\t\t\t\t<i aria-hidden=\"true\" class=\"fas fa-door-open\"><\/i>\t\t\t\t<\/span>\n\t\t\t<\/div>\n\t\t\t\n\t\t\t\t\t\t<div class=\"elementor-icon-box-content\">\n\n\t\t\t\t\t\t\t\t\t<h3 class=\"elementor-icon-box-title\">\n\t\t\t\t\t\t<span  >\n\t\t\t\t\t\t\tAccess to employees\t\t\t\t\t\t<\/span>\n\t\t\t\t\t<\/h3>\n\t\t\t\t\n\t\t\t\t\t\t\t\t\t<p class=\"elementor-icon-box-description\">\n\t\t\t\t\t\t<b>Easier access to potential employees - students\nand graduates of the largest universities in the \u0141\u00f3d\u017a region<\/b><br>\t\t\t\t\t<\/p>\n\t\t\t\t\n\t\t\t<\/div>\n\t\t\t\n\t\t<\/div>\n\t\t\t\t\t\t<\/div>\n\t\t\t\t<\/div>\n\t\t\t\t\t<\/div>\n\t\t<\/div>\n\t\t\t\t<div class=\"elementor-column elementor-col-33 elementor-inner-column elementor-element elementor-element-c92ef30\" data-id=\"c92ef30\" data-element_type=\"column\">\n\t\t\t<div class=\"elementor-widget-wrap elementor-element-populated\">\n\t\t\t\t\t\t<div class=\"elementor-element elementor-element-a50c74b elementor-view-stacked elementor-shape-circle elementor-position-top elementor-mobile-position-top elementor-widget elementor-widget-icon-box\" data-id=\"a50c74b\" data-element_type=\"widget\" data-widget_type=\"icon-box.default\">\n\t\t\t\t<div class=\"elementor-widget-container\">\n\t\t\t\t\t\t\t<div class=\"elementor-icon-box-wrapper\">\n\n\t\t\t\t\t\t<div class=\"elementor-icon-box-icon\">\n\t\t\t\t<span  class=\"elementor-icon elementor-animation-\">\n\t\t\t\t<i aria-hidden=\"true\" class=\"far fa-eye\"><\/i>\t\t\t\t<\/span>\n\t\t\t<\/div>\n\t\t\t\n\t\t\t\t\t\t<div class=\"elementor-icon-box-content\">\n\n\t\t\t\t\t\t\t\t\t<h3 class=\"elementor-icon-box-title\">\n\t\t\t\t\t\t<span  >\n\t\t\t\t\t\t\tvisibility of the sector\t\t\t\t\t\t<\/span>\n\t\t\t\t\t<\/h3>\n\t\t\t\t\n\t\t\t\t\t\t\t\t\t<p class=\"elementor-icon-box-description\">\n\t\t\t\t\t\t<b>Joint representation for the creation of better conditions for the development of the \u0141\u00f3d\u017a ICT industry in front of state and local government authorities<\/b>\t\t\t\t\t<\/p>\n\t\t\t\t\n\t\t\t<\/div>\n\t\t\t\n\t\t<\/div>\n\t\t\t\t\t\t<\/div>\n\t\t\t\t<\/div>\n\t\t\t\t\t<\/div>\n\t\t<\/div>\n\t\t\t\t\t<\/div>\n\t\t<\/section>\n\t\t\t\t<section class=\"elementor-section elementor-inner-section elementor-element elementor-element-1bda85d elementor-section-boxed elementor-section-height-default elementor-section-height-default\" data-id=\"1bda85d\" data-element_type=\"section\">\n\t\t\t\t\t\t<div class=\"elementor-container elementor-column-gap-default\">\n\t\t\t\t\t<div class=\"elementor-column elementor-col-33 elementor-inner-column elementor-element elementor-element-b56422b\" data-id=\"b56422b\" data-element_type=\"column\">\n\t\t\t<div class=\"elementor-widget-wrap elementor-element-populated\">\n\t\t\t\t\t\t<div class=\"elementor-element elementor-element-9899dc6 elementor-view-stacked elementor-shape-circle elementor-position-top elementor-mobile-position-top elementor-widget elementor-widget-icon-box\" data-id=\"9899dc6\" data-element_type=\"widget\" data-widget_type=\"icon-box.default\">\n\t\t\t\t<div class=\"elementor-widget-container\">\n\t\t\t\t\t\t\t<div class=\"elementor-icon-box-wrapper\">\n\n\t\t\t\t\t\t<div class=\"elementor-icon-box-icon\">\n\t\t\t\t<span  class=\"elementor-icon elementor-animation-\">\n\t\t\t\t<i aria-hidden=\"true\" class=\"fas fa-arrow-right\"><\/i>\t\t\t\t<\/span>\n\t\t\t<\/div>\n\t\t\t\n\t\t\t\t\t\t<div class=\"elementor-icon-box-content\">\n\n\t\t\t\t\t\t\t\t\t<h3 class=\"elementor-icon-box-title\">\n\t\t\t\t\t\t<span  >\n\t\t\t\t\t\t\taccess to universities\t\t\t\t\t\t<\/span>\n\t\t\t\t\t<\/h3>\n\t\t\t\t\n\t\t\t\t\t\t\t\t\t<p class=\"elementor-icon-box-description\">\n\t\t\t\t\t\t<b>Priority access to initiatives at the Lodz University of Technology  and the University of Lodz and preferential rates for participation in job fairs<\/b>\t\t\t\t\t<\/p>\n\t\t\t\t\n\t\t\t<\/div>\n\t\t\t\n\t\t<\/div>\n\t\t\t\t\t\t<\/div>\n\t\t\t\t<\/div>\n\t\t\t\t\t<\/div>\n\t\t<\/div>\n\t\t\t\t<div class=\"elementor-column elementor-col-33 elementor-inner-column elementor-element elementor-element-8bc06d4\" data-id=\"8bc06d4\" data-element_type=\"column\">\n\t\t\t<div class=\"elementor-widget-wrap elementor-element-populated\">\n\t\t\t\t\t\t<div class=\"elementor-element elementor-element-caa8f7b elementor-view-stacked elementor-shape-circle elementor-position-top elementor-mobile-position-top elementor-widget elementor-widget-icon-box\" data-id=\"caa8f7b\" data-element_type=\"widget\" data-widget_type=\"icon-box.default\">\n\t\t\t\t<div class=\"elementor-widget-container\">\n\t\t\t\t\t\t\t<div class=\"elementor-icon-box-wrapper\">\n\n\t\t\t\t\t\t<div class=\"elementor-icon-box-icon\">\n\t\t\t\t<span  class=\"elementor-icon elementor-animation-\">\n\t\t\t\t<i aria-hidden=\"true\" class=\"fas fa-project-diagram\"><\/i>\t\t\t\t<\/span>\n\t\t\t<\/div>\n\t\t\t\n\t\t\t\t\t\t<div class=\"elementor-icon-box-content\">\n\n\t\t\t\t\t\t\t\t\t<h3 class=\"elementor-icon-box-title\">\n\t\t\t\t\t\t<span  >\n\t\t\t\t\t\t\tcluster projects\t\t\t\t\t\t<\/span>\n\t\t\t\t\t<\/h3>\n\t\t\t\t\n\t\t\t\t\t\t\t\t\t<p class=\"elementor-icon-box-description\">\n\t\t\t\t\t\t<b>Exclusive access to projects carried out by the cluster - e.g. Lodz IT Days, Join IT in Lodz, Expert Workshops<\/b>\t\t\t\t\t<\/p>\n\t\t\t\t\n\t\t\t<\/div>\n\t\t\t\n\t\t<\/div>\n\t\t\t\t\t\t<\/div>\n\t\t\t\t<\/div>\n\t\t\t\t\t<\/div>\n\t\t<\/div>\n\t\t\t\t<div class=\"elementor-column elementor-col-33 elementor-inner-column elementor-element elementor-element-058c308\" data-id=\"058c308\" data-element_type=\"column\">\n\t\t\t<div class=\"elementor-widget-wrap elementor-element-populated\">\n\t\t\t\t\t\t<div class=\"elementor-element elementor-element-4680091 elementor-view-stacked elementor-shape-circle elementor-position-top elementor-mobile-position-top elementor-widget elementor-widget-icon-box\" data-id=\"4680091\" data-element_type=\"widget\" data-widget_type=\"icon-box.default\">\n\t\t\t\t<div class=\"elementor-widget-container\">\n\t\t\t\t\t\t\t<div class=\"elementor-icon-box-wrapper\">\n\n\t\t\t\t\t\t<div class=\"elementor-icon-box-icon\">\n\t\t\t\t<span  class=\"elementor-icon elementor-animation-\">\n\t\t\t\t<i aria-hidden=\"true\" class=\"fas fa-lightbulb\"><\/i>\t\t\t\t<\/span>\n\t\t\t<\/div>\n\t\t\t\n\t\t\t\t\t\t<div class=\"elementor-icon-box-content\">\n\n\t\t\t\t\t\t\t\t\t<h3 class=\"elementor-icon-box-title\">\n\t\t\t\t\t\t<span  >\n\t\t\t\t\t\t\tmembers visibility\t\t\t\t\t\t<\/span>\n\t\t\t\t\t<\/h3>\n\t\t\t\t\n\t\t\t\t\t\t\t\t\t<p class=\"elementor-icon-box-description\">\n\t\t\t\t\t\t<b>Visibility of cluster members - commitment to the region and industry\t\t\t\t\t<\/p>\n\t\t\t\t\n\t\t\t<\/div>\n\t\t\t\n\t\t<\/div>\n\t\t\t\t\t\t<\/div>\n\t\t\t\t<\/div>\n\t\t\t\t\t<\/div>\n\t\t<\/div>\n\t\t\t\t\t<\/div>\n\t\t<\/section>\n\t\t\t\t<section class=\"elementor-section elementor-top-section elementor-element elementor-element-7686b4e elementor-section-content-middle elementor-section-boxed elementor-section-height-default elementor-section-height-default\" data-id=\"7686b4e\" data-element_type=\"section\" data-settings=\"{&quot;background_background&quot;:&quot;classic&quot;}\">\n\t\t\t\t\t\t<div class=\"elementor-container elementor-column-gap-default\">\n\t\t\t\t\t<div class=\"elementor-column elementor-col-50 elementor-top-column elementor-element elementor-element-a851e9a\" data-id=\"a851e9a\" data-element_type=\"column\">\n\t\t\t<div class=\"elementor-widget-wrap elementor-element-populated\">\n\t\t\t\t\t\t<div class=\"elementor-element elementor-element-0ab9a9a elementor-widget elementor-widget-heading\" data-id=\"0ab9a9a\" data-element_type=\"widget\" data-widget_type=\"heading.default\">\n\t\t\t\t<div class=\"elementor-widget-container\">\n\t\t\t\t\t<h2 class=\"elementor-heading-title elementor-size-default\">Do you want to join<br>Lodz ICT Cluster?<\/h2>\t\t\t\t<\/div>\n\t\t\t\t<\/div>\n\t\t\t\t\t<\/div>\n\t\t<\/div>\n\t\t\t\t<div class=\"elementor-column elementor-col-50 elementor-top-column elementor-element elementor-element-f3ae82a\" data-id=\"f3ae82a\" data-element_type=\"column\">\n\t\t\t<div class=\"elementor-widget-wrap elementor-element-populated\">\n\t\t\t\t\t\t<div class=\"elementor-element elementor-element-957a20d elementor-align-right elementor-mobile-align-center elementor-widget elementor-widget-button\" data-id=\"957a20d\" data-element_type=\"widget\" data-widget_type=\"button.default\">\n\t\t\t\t<div class=\"elementor-widget-container\">\n\t\t\t\t\t\t\t\t\t<div class=\"elementor-button-wrapper\">\n\t\t\t\t\t<a class=\"elementor-button elementor-button-link elementor-size-sm\" href=\"https:\/\/ictcluster.pl\/en\/kontakt\/\">\n\t\t\t\t\t\t<span class=\"elementor-button-content-wrapper\">\n\t\t\t\t\t\t\t\t\t<span class=\"elementor-button-text\">Contact Us<\/span>\n\t\t\t\t\t<\/span>\n\t\t\t\t\t<\/a>\n\t\t\t\t<\/div>\n\t\t\t\t\t\t\t\t<\/div>\n\t\t\t\t<\/div>\n\t\t\t\t\t<\/div>\n\t\t<\/div>\n\t\t\t\t\t<\/div>\n\t\t<\/section>\n\t\t\t\t<\/div>","protected":false},"excerpt":{"rendered":"<p>O klastrze \u0141\u00f3dzki klaster ict Powo\u0142any 1 lipca 2012 r. z inicjatywy Politechniki \u0141\u00f3dzkiej, \u0141\u00f3dzki Klaster ICT skupia przedsi\u0119biorstwa bran\u017cy ICT, instytucje&#8230;<\/p>","protected":false},"author":2,"featured_media":0,"parent":0,"menu_order":0,"comment_status":"closed","ping_status":"closed","template":"page-templates\/page_front-page.php","meta":{"ub_ctt_via":"","footnotes":""},"class_list":["post-494","page","type-page","status-publish","hentry"],"featured_image_src":null,"yoast_head":"<!-- This site is optimized with the Yoast SEO plugin v27.4 - https:\/\/yoast.com\/product\/yoast-seo-wordpress\/ -->\n<title>O Klastrze - \u0141\u00f3dzki Klaster ICT<\/title>\n<meta name=\"robots\" content=\"index, follow, max-snippet:-1, max-image-preview:large, max-video-preview:-1\" \/>\n<link rel=\"canonical\" href=\"https:\/\/ictcluster.pl\/en\/oklastrze\/\" \/>\n<meta property=\"og:locale\" content=\"en_GB\" \/>\n<meta property=\"og:type\" content=\"article\" \/>\n<meta property=\"og:title\" content=\"O Klastrze - \u0141\u00f3dzki Klaster ICT\" \/>\n<meta property=\"og:description\" content=\"O klastrze \u0141\u00f3dzki klaster ict Powo\u0142any 1 lipca 2012 r. z inicjatywy Politechniki \u0141\u00f3dzkiej, \u0141\u00f3dzki Klaster ICT skupia przedsi\u0119biorstwa bran\u017cy ICT, instytucje...\" \/>\n<meta property=\"og:url\" content=\"https:\/\/ictcluster.pl\/en\/oklastrze\/\" \/>\n<meta property=\"og:site_name\" content=\"\u0141\u00f3dzki Klaster ICT\" \/>\n<meta property=\"article:publisher\" content=\"https:\/\/www.facebook.com\/KlasterICTLodz\" \/>\n<meta property=\"article:modified_time\" content=\"2025-02-10T12:21:15+00:00\" \/>\n<meta property=\"og:image\" content=\"https:\/\/ictcluster.pl\/wp-content\/uploads\/2023\/05\/closeup-computer-parts.jpg\" \/>\n\t<meta property=\"og:image:width\" content=\"1280\" \/>\n\t<meta property=\"og:image:height\" content=\"1920\" \/>\n\t<meta property=\"og:image:type\" content=\"image\/jpeg\" \/>\n<meta name=\"twitter:card\" content=\"summary_large_image\" \/>\n<meta name=\"twitter:label1\" content=\"Estimated reading time\" \/>\n\t<meta name=\"twitter:data1\" content=\"2 minutes\" \/>\n<script type=\"application\/ld+json\" class=\"yoast-schema-graph\">{\"@context\":\"https:\\\/\\\/schema.org\",\"@graph\":[{\"@type\":\"WebPage\",\"@id\":\"https:\\\/\\\/ictcluster.pl\\\/oklastrze\\\/\",\"url\":\"https:\\\/\\\/ictcluster.pl\\\/oklastrze\\\/\",\"name\":\"O Klastrze - \u0141\u00f3dzki Klaster ICT\",\"isPartOf\":{\"@id\":\"https:\\\/\\\/ictcluster.pl\\\/#website\"},\"primaryImageOfPage\":{\"@id\":\"https:\\\/\\\/ictcluster.pl\\\/oklastrze\\\/#primaryimage\"},\"image\":{\"@id\":\"https:\\\/\\\/ictcluster.pl\\\/oklastrze\\\/#primaryimage\"},\"thumbnailUrl\":\"https:\\\/\\\/ictcluster.pl\\\/wp-content\\\/uploads\\\/2023\\\/05\\\/closeup-computer-parts.jpg\",\"datePublished\":\"2021-11-01T13:28:52+00:00\",\"dateModified\":\"2025-02-10T12:21:15+00:00\",\"breadcrumb\":{\"@id\":\"https:\\\/\\\/ictcluster.pl\\\/oklastrze\\\/#breadcrumb\"},\"inLanguage\":\"en-GB\",\"potentialAction\":[{\"@type\":\"ReadAction\",\"target\":[\"https:\\\/\\\/ictcluster.pl\\\/oklastrze\\\/\"]}]},{\"@type\":\"ImageObject\",\"inLanguage\":\"en-GB\",\"@id\":\"https:\\\/\\\/ictcluster.pl\\\/oklastrze\\\/#primaryimage\",\"url\":\"https:\\\/\\\/ictcluster.pl\\\/wp-content\\\/uploads\\\/2023\\\/05\\\/closeup-computer-parts.jpg\",\"contentUrl\":\"https:\\\/\\\/ictcluster.pl\\\/wp-content\\\/uploads\\\/2023\\\/05\\\/closeup-computer-parts.jpg\"},{\"@type\":\"BreadcrumbList\",\"@id\":\"https:\\\/\\\/ictcluster.pl\\\/oklastrze\\\/#breadcrumb\",\"itemListElement\":[{\"@type\":\"ListItem\",\"position\":1,\"name\":\"Strona g\u0142\u00f3wna\",\"item\":\"https:\\\/\\\/ictcluster.pl\\\/\"},{\"@type\":\"ListItem\",\"position\":2,\"name\":\"O Klastrze\"}]},{\"@type\":\"WebSite\",\"@id\":\"https:\\\/\\\/ictcluster.pl\\\/#website\",\"url\":\"https:\\\/\\\/ictcluster.pl\\\/\",\"name\":\"\u0141\u00f3dzki Klaster ICT\",\"description\":\"\",\"publisher\":{\"@id\":\"https:\\\/\\\/ictcluster.pl\\\/#organization\"},\"potentialAction\":[{\"@type\":\"SearchAction\",\"target\":{\"@type\":\"EntryPoint\",\"urlTemplate\":\"https:\\\/\\\/ictcluster.pl\\\/?s={search_term_string}\"},\"query-input\":{\"@type\":\"PropertyValueSpecification\",\"valueRequired\":true,\"valueName\":\"search_term_string\"}}],\"inLanguage\":\"en-GB\"},{\"@type\":\"Organization\",\"@id\":\"https:\\\/\\\/ictcluster.pl\\\/#organization\",\"name\":\"\u0141\u00f3dzki Klaster ICT\",\"url\":\"https:\\\/\\\/ictcluster.pl\\\/\",\"logo\":{\"@type\":\"ImageObject\",\"inLanguage\":\"en-GB\",\"@id\":\"https:\\\/\\\/ictcluster.pl\\\/#\\\/schema\\\/logo\\\/image\\\/\",\"url\":\"https:\\\/\\\/ictcluster.pl\\\/wp-content\\\/uploads\\\/2023\\\/01\\\/lodzki-klaster-ict.png\",\"contentUrl\":\"https:\\\/\\\/ictcluster.pl\\\/wp-content\\\/uploads\\\/2023\\\/01\\\/lodzki-klaster-ict.png\",\"width\":2694,\"height\":982,\"caption\":\"\u0141\u00f3dzki Klaster ICT\"},\"image\":{\"@id\":\"https:\\\/\\\/ictcluster.pl\\\/#\\\/schema\\\/logo\\\/image\\\/\"},\"sameAs\":[\"https:\\\/\\\/www.facebook.com\\\/KlasterICTLodz\"]}]}<\/script>\n<!-- \/ Yoast SEO plugin. -->","yoast_head_json":{"title":"O Klastrze - \u0141\u00f3dzki Klaster ICT","robots":{"index":"index","follow":"follow","max-snippet":"max-snippet:-1","max-image-preview":"max-image-preview:large","max-video-preview":"max-video-preview:-1"},"canonical":"https:\/\/ictcluster.pl\/en\/oklastrze\/","og_locale":"en_GB","og_type":"article","og_title":"O Klastrze - \u0141\u00f3dzki Klaster ICT","og_description":"O klastrze \u0141\u00f3dzki klaster ict Powo\u0142any 1 lipca 2012 r. z inicjatywy Politechniki \u0141\u00f3dzkiej, \u0141\u00f3dzki Klaster ICT skupia przedsi\u0119biorstwa bran\u017cy ICT, instytucje...","og_url":"https:\/\/ictcluster.pl\/en\/oklastrze\/","og_site_name":"\u0141\u00f3dzki Klaster ICT","article_publisher":"https:\/\/www.facebook.com\/KlasterICTLodz","article_modified_time":"2025-02-10T12:21:15+00:00","og_image":[{"width":1280,"height":1920,"url":"https:\/\/ictcluster.pl\/wp-content\/uploads\/2023\/05\/closeup-computer-parts.jpg","type":"image\/jpeg"}],"twitter_card":"summary_large_image","twitter_misc":{"Estimated reading time":"2 minutes"},"schema":{"@context":"https:\/\/schema.org","@graph":[{"@type":"WebPage","@id":"https:\/\/ictcluster.pl\/oklastrze\/","url":"https:\/\/ictcluster.pl\/oklastrze\/","name":"O Klastrze - \u0141\u00f3dzki Klaster ICT","isPartOf":{"@id":"https:\/\/ictcluster.pl\/#website"},"primaryImageOfPage":{"@id":"https:\/\/ictcluster.pl\/oklastrze\/#primaryimage"},"image":{"@id":"https:\/\/ictcluster.pl\/oklastrze\/#primaryimage"},"thumbnailUrl":"https:\/\/ictcluster.pl\/wp-content\/uploads\/2023\/05\/closeup-computer-parts.jpg","datePublished":"2021-11-01T13:28:52+00:00","dateModified":"2025-02-10T12:21:15+00:00","breadcrumb":{"@id":"https:\/\/ictcluster.pl\/oklastrze\/#breadcrumb"},"inLanguage":"en-GB","potentialAction":[{"@type":"ReadAction","target":["https:\/\/ictcluster.pl\/oklastrze\/"]}]},{"@type":"ImageObject","inLanguage":"en-GB","@id":"https:\/\/ictcluster.pl\/oklastrze\/#primaryimage","url":"https:\/\/ictcluster.pl\/wp-content\/uploads\/2023\/05\/closeup-computer-parts.jpg","contentUrl":"https:\/\/ictcluster.pl\/wp-content\/uploads\/2023\/05\/closeup-computer-parts.jpg"},{"@type":"BreadcrumbList","@id":"https:\/\/ictcluster.pl\/oklastrze\/#breadcrumb","itemListElement":[{"@type":"ListItem","position":1,"name":"Strona g\u0142\u00f3wna","item":"https:\/\/ictcluster.pl\/"},{"@type":"ListItem","position":2,"name":"O Klastrze"}]},{"@type":"WebSite","@id":"https:\/\/ictcluster.pl\/#website","url":"https:\/\/ictcluster.pl\/","name":"Lodz ICT Cluster","description":"","publisher":{"@id":"https:\/\/ictcluster.pl\/#organization"},"potentialAction":[{"@type":"SearchAction","target":{"@type":"EntryPoint","urlTemplate":"https:\/\/ictcluster.pl\/?s={search_term_string}"},"query-input":{"@type":"PropertyValueSpecification","valueRequired":true,"valueName":"search_term_string"}}],"inLanguage":"en-GB"},{"@type":"Organization","@id":"https:\/\/ictcluster.pl\/#organization","name":"Lodz ICT Cluster","url":"https:\/\/ictcluster.pl\/","logo":{"@type":"ImageObject","inLanguage":"en-GB","@id":"https:\/\/ictcluster.pl\/#\/schema\/logo\/image\/","url":"https:\/\/ictcluster.pl\/wp-content\/uploads\/2023\/01\/lodzki-klaster-ict.png","contentUrl":"https:\/\/ictcluster.pl\/wp-content\/uploads\/2023\/01\/lodzki-klaster-ict.png","width":2694,"height":982,"caption":"\u0141\u00f3dzki Klaster ICT"},"image":{"@id":"https:\/\/ictcluster.pl\/#\/schema\/logo\/image\/"},"sameAs":["https:\/\/www.facebook.com\/KlasterICTLodz"]}]}},"_links":{"self":[{"href":"https:\/\/ictcluster.pl\/en\/wp-json\/wp\/v2\/pages\/494","targetHints":{"allow":["GET"]}}],"collection":[{"href":"https:\/\/ictcluster.pl\/en\/wp-json\/wp\/v2\/pages"}],"about":[{"href":"https:\/\/ictcluster.pl\/en\/wp-json\/wp\/v2\/types\/page"}],"author":[{"embeddable":true,"href":"https:\/\/ictcluster.pl\/en\/wp-json\/wp\/v2\/users\/2"}],"replies":[{"embeddable":true,"href":"https:\/\/ictcluster.pl\/en\/wp-json\/wp\/v2\/comments?post=494"}],"version-history":[{"count":110,"href":"https:\/\/ictcluster.pl\/en\/wp-json\/wp\/v2\/pages\/494\/revisions"}],"predecessor-version":[{"id":3617,"href":"https:\/\/ictcluster.pl\/en\/wp-json\/wp\/v2\/pages\/494\/revisions\/3617"}],"wp:attachment":[{"href":"https:\/\/ictcluster.pl\/en\/wp-json\/wp\/v2\/media?parent=494"}],"curies":[{"name":"wp","href":"https:\/\/api.w.org\/{rel}","templated":true}]}}