{"id":3851,"date":"2025-06-04T13:30:44","date_gmt":"2025-06-04T11:30:44","guid":{"rendered":"https:\/\/ictcluster.pl\/?page_id=3851"},"modified":"2025-08-05T16:18:17","modified_gmt":"2025-08-05T14:18:17","slug":"strefa-uczestnika","status":"publish","type":"page","link":"https:\/\/ictcluster.pl\/en\/strefa-uczestnika\/","title":{"rendered":"Strefa Uczestnika Klastra"},"content":{"rendered":"<div id=\"magic-login-login-block\" class=\"magic-login-login-block\">\n\t\t\t\t\t<h2 id=\"magic-login-block-title\">Zaloguj si\u0119 do strefy Uczestnika \u0141\u00f3dzkiego Klastra ICT<\/h2>\n\t\t\t\t<div class=\"magic-login-form-header\">\n\t\t\t\n\t\t\t\n\t\t\t\t\t\t\t<p class=\"magic-login-block-description\">Podaj sw\u00f3j adres e-mail poni\u017cej:<\/p>\n\t\t\t\t\t<\/div>\n\t\t\t\t\t<form name=\"magicloginform\"\n\t\t\t\t  class=\"block-login-form\"\n\t\t\t\t  id=\"magicloginform\"\n\t\t\t\t  action=\"\"\n\t\t\t\t  method=\"post\" autocomplete=\"off\"\n\t\t\t\t  data-ajax-url=\"https:\/\/ictcluster.pl\/wp-admin\/admin-ajax.php\"\n\t\t\t\t  data-ajax-spinner=\"https:\/\/ictcluster.pl\/wp-admin\/images\/spinner.gif\"\n\t\t\t\t  data-ajax-sending-msg=\"Sending...\"\n\t\t\t\t  data-spam-protection-msg=\"Please verify that you are not a robot.\" data-trp-original-action=\"\"\n\t\t\t>\n\t\t\t\t<div class=\"magicloginform-inner\">\n\t\t\t\t\t\n\t\t\t\t\t<input type=\"text\" name=\"log\" id=\"user_login\" class=\"input\" value=\"\" size=\"20\" autocapitalize=\"off\" autocomplete=\"username\" required \/>\n\t\t\t\t\t\t\t\t\t\t\t\t\t\t\t\t<input type=\"submit\" name=\"wp-submit\" id=\"wp-submit\" class=\"magic-login-submit button button-primary button-large\" value=\"Wy\u015blij link do logowania\" \/>\n\t\t\t\t\t\n\t\t\t\t\t\t\t\t\t\t\t<input type=\"hidden\" name=\"redirect_to\" value=\"https:\/\/ictcluster.pl\/en\/wp-json\/wp\/v2\/pages\/3851\" \/>\n\t\t\t\t\t\t\t\t\t\t<input type=\"hidden\" name=\"testcookie\" value=\"1\" \/>\n\t\t\t\t<\/div>\n\t\t\t<input type=\"hidden\" name=\"trp-form-language\" value=\"en\"\/><\/form>\n\t\t\t<\/div>","protected":false},"excerpt":{"rendered":"","protected":false},"author":2,"featured_media":0,"parent":0,"menu_order":0,"comment_status":"closed","ping_status":"closed","template":"","meta":{"ub_ctt_via":"","footnotes":""},"class_list":["post-3851","page","type-page","status-publish","hentry"],"featured_image_src":null,"yoast_head":"<!-- This site is optimized with the Yoast SEO plugin v27.4 - https:\/\/yoast.com\/product\/yoast-seo-wordpress\/ -->\n<title>Strefa Uczestnika Klastra - \u0141\u00f3dzki Klaster ICT<\/title>\n<meta name=\"robots\" content=\"index, follow, max-snippet:-1, max-image-preview:large, max-video-preview:-1\" \/>\n<link rel=\"canonical\" href=\"https:\/\/ictcluster.pl\/en\/strefa-uczestnika\/\" \/>\n<meta property=\"og:locale\" content=\"en_GB\" \/>\n<meta property=\"og:type\" content=\"article\" \/>\n<meta property=\"og:title\" content=\"Strefa Uczestnika Klastra - \u0141\u00f3dzki Klaster ICT\" \/>\n<meta property=\"og:url\" content=\"https:\/\/ictcluster.pl\/en\/strefa-uczestnika\/\" \/>\n<meta property=\"og:site_name\" content=\"\u0141\u00f3dzki Klaster ICT\" \/>\n<meta property=\"article:publisher\" content=\"https:\/\/www.facebook.com\/KlasterICTLodz\" \/>\n<meta property=\"article:modified_time\" content=\"2025-08-05T14:18:17+00:00\" \/>\n<meta property=\"og:image\" content=\"https:\/\/ictcluster.pl\/wp-content\/uploads\/2025\/08\/ictkwiatek.png\" \/>\n\t<meta property=\"og:image:width\" content=\"661\" \/>\n\t<meta property=\"og:image:height\" content=\"744\" \/>\n\t<meta property=\"og:image:type\" content=\"image\/png\" \/>\n<meta name=\"twitter:card\" content=\"summary_large_image\" \/>\n<meta name=\"twitter:label1\" content=\"Estimated reading time\" \/>\n\t<meta name=\"twitter:data1\" content=\"1 minute\" \/>\n<script type=\"application\/ld+json\" class=\"yoast-schema-graph\">{\"@context\":\"https:\\\/\\\/schema.org\",\"@graph\":[{\"@type\":\"WebPage\",\"@id\":\"https:\\\/\\\/ictcluster.pl\\\/strefa-uczestnika\\\/\",\"url\":\"https:\\\/\\\/ictcluster.pl\\\/strefa-uczestnika\\\/\",\"name\":\"Strefa Uczestnika Klastra - \u0141\u00f3dzki Klaster ICT\",\"isPartOf\":{\"@id\":\"https:\\\/\\\/ictcluster.pl\\\/#website\"},\"primaryImageOfPage\":{\"@id\":\"https:\\\/\\\/ictcluster.pl\\\/strefa-uczestnika\\\/#primaryimage\"},\"image\":{\"@id\":\"https:\\\/\\\/ictcluster.pl\\\/strefa-uczestnika\\\/#primaryimage\"},\"thumbnailUrl\":\"https:\\\/\\\/ictcluster.pl\\\/wp-content\\\/uploads\\\/2025\\\/08\\\/ictkwiatek.png\",\"datePublished\":\"2025-06-04T11:30:44+00:00\",\"dateModified\":\"2025-08-05T14:18:17+00:00\",\"breadcrumb\":{\"@id\":\"https:\\\/\\\/ictcluster.pl\\\/strefa-uczestnika\\\/#breadcrumb\"},\"inLanguage\":\"en-GB\",\"potentialAction\":[{\"@type\":\"ReadAction\",\"target\":[\"https:\\\/\\\/ictcluster.pl\\\/strefa-uczestnika\\\/\"]}]},{\"@type\":\"ImageObject\",\"inLanguage\":\"en-GB\",\"@id\":\"https:\\\/\\\/ictcluster.pl\\\/strefa-uczestnika\\\/#primaryimage\",\"url\":\"https:\\\/\\\/ictcluster.pl\\\/wp-content\\\/uploads\\\/2025\\\/08\\\/ictkwiatek.png\",\"contentUrl\":\"https:\\\/\\\/ictcluster.pl\\\/wp-content\\\/uploads\\\/2025\\\/08\\\/ictkwiatek.png\"},{\"@type\":\"BreadcrumbList\",\"@id\":\"https:\\\/\\\/ictcluster.pl\\\/strefa-uczestnika\\\/#breadcrumb\",\"itemListElement\":[{\"@type\":\"ListItem\",\"position\":1,\"name\":\"Strona g\u0142\u00f3wna\",\"item\":\"https:\\\/\\\/ictcluster.pl\\\/\"},{\"@type\":\"ListItem\",\"position\":2,\"name\":\"Strefa Uczestnika Klastra\"}]},{\"@type\":\"WebSite\",\"@id\":\"https:\\\/\\\/ictcluster.pl\\\/#website\",\"url\":\"https:\\\/\\\/ictcluster.pl\\\/\",\"name\":\"\u0141\u00f3dzki Klaster ICT\",\"description\":\"\",\"publisher\":{\"@id\":\"https:\\\/\\\/ictcluster.pl\\\/#organization\"},\"potentialAction\":[{\"@type\":\"SearchAction\",\"target\":{\"@type\":\"EntryPoint\",\"urlTemplate\":\"https:\\\/\\\/ictcluster.pl\\\/?s={search_term_string}\"},\"query-input\":{\"@type\":\"PropertyValueSpecification\",\"valueRequired\":true,\"valueName\":\"search_term_string\"}}],\"inLanguage\":\"en-GB\"},{\"@type\":\"Organization\",\"@id\":\"https:\\\/\\\/ictcluster.pl\\\/#organization\",\"name\":\"\u0141\u00f3dzki Klaster ICT\",\"url\":\"https:\\\/\\\/ictcluster.pl\\\/\",\"logo\":{\"@type\":\"ImageObject\",\"inLanguage\":\"en-GB\",\"@id\":\"https:\\\/\\\/ictcluster.pl\\\/#\\\/schema\\\/logo\\\/image\\\/\",\"url\":\"https:\\\/\\\/ictcluster.pl\\\/wp-content\\\/uploads\\\/2023\\\/01\\\/lodzki-klaster-ict.png\",\"contentUrl\":\"https:\\\/\\\/ictcluster.pl\\\/wp-content\\\/uploads\\\/2023\\\/01\\\/lodzki-klaster-ict.png\",\"width\":2694,\"height\":982,\"caption\":\"\u0141\u00f3dzki Klaster ICT\"},\"image\":{\"@id\":\"https:\\\/\\\/ictcluster.pl\\\/#\\\/schema\\\/logo\\\/image\\\/\"},\"sameAs\":[\"https:\\\/\\\/www.facebook.com\\\/KlasterICTLodz\"]}]}<\/script>\n<!-- \/ Yoast SEO plugin. -->","yoast_head_json":{"title":"Strefa Uczestnika Klastra - \u0141\u00f3dzki Klaster ICT","robots":{"index":"index","follow":"follow","max-snippet":"max-snippet:-1","max-image-preview":"max-image-preview:large","max-video-preview":"max-video-preview:-1"},"canonical":"https:\/\/ictcluster.pl\/en\/strefa-uczestnika\/","og_locale":"en_GB","og_type":"article","og_title":"Strefa Uczestnika Klastra - \u0141\u00f3dzki Klaster ICT","og_url":"https:\/\/ictcluster.pl\/en\/strefa-uczestnika\/","og_site_name":"\u0141\u00f3dzki Klaster ICT","article_publisher":"https:\/\/www.facebook.com\/KlasterICTLodz","article_modified_time":"2025-08-05T14:18:17+00:00","og_image":[{"width":661,"height":744,"url":"https:\/\/ictcluster.pl\/wp-content\/uploads\/2025\/08\/ictkwiatek.png","type":"image\/png"}],"twitter_card":"summary_large_image","twitter_misc":{"Estimated reading time":"1 minute"},"schema":{"@context":"https:\/\/schema.org","@graph":[{"@type":"WebPage","@id":"https:\/\/ictcluster.pl\/strefa-uczestnika\/","url":"https:\/\/ictcluster.pl\/strefa-uczestnika\/","name":"Strefa Uczestnika Klastra - \u0141\u00f3dzki Klaster ICT","isPartOf":{"@id":"https:\/\/ictcluster.pl\/#website"},"primaryImageOfPage":{"@id":"https:\/\/ictcluster.pl\/strefa-uczestnika\/#primaryimage"},"image":{"@id":"https:\/\/ictcluster.pl\/strefa-uczestnika\/#primaryimage"},"thumbnailUrl":"https:\/\/ictcluster.pl\/wp-content\/uploads\/2025\/08\/ictkwiatek.png","datePublished":"2025-06-04T11:30:44+00:00","dateModified":"2025-08-05T14:18:17+00:00","breadcrumb":{"@id":"https:\/\/ictcluster.pl\/strefa-uczestnika\/#breadcrumb"},"inLanguage":"en-GB","potentialAction":[{"@type":"ReadAction","target":["https:\/\/ictcluster.pl\/strefa-uczestnika\/"]}]},{"@type":"ImageObject","inLanguage":"en-GB","@id":"https:\/\/ictcluster.pl\/strefa-uczestnika\/#primaryimage","url":"https:\/\/ictcluster.pl\/wp-content\/uploads\/2025\/08\/ictkwiatek.png","contentUrl":"https:\/\/ictcluster.pl\/wp-content\/uploads\/2025\/08\/ictkwiatek.png"},{"@type":"BreadcrumbList","@id":"https:\/\/ictcluster.pl\/strefa-uczestnika\/#breadcrumb","itemListElement":[{"@type":"ListItem","position":1,"name":"Strona g\u0142\u00f3wna","item":"https:\/\/ictcluster.pl\/"},{"@type":"ListItem","position":2,"name":"Strefa Uczestnika Klastra"}]},{"@type":"WebSite","@id":"https:\/\/ictcluster.pl\/#website","url":"https:\/\/ictcluster.pl\/","name":"Lodz ICT Cluster","description":"","publisher":{"@id":"https:\/\/ictcluster.pl\/#organization"},"potentialAction":[{"@type":"SearchAction","target":{"@type":"EntryPoint","urlTemplate":"https:\/\/ictcluster.pl\/?s={search_term_string}"},"query-input":{"@type":"PropertyValueSpecification","valueRequired":true,"valueName":"search_term_string"}}],"inLanguage":"en-GB"},{"@type":"Organization","@id":"https:\/\/ictcluster.pl\/#organization","name":"Lodz ICT Cluster","url":"https:\/\/ictcluster.pl\/","logo":{"@type":"ImageObject","inLanguage":"en-GB","@id":"https:\/\/ictcluster.pl\/#\/schema\/logo\/image\/","url":"https:\/\/ictcluster.pl\/wp-content\/uploads\/2023\/01\/lodzki-klaster-ict.png","contentUrl":"https:\/\/ictcluster.pl\/wp-content\/uploads\/2023\/01\/lodzki-klaster-ict.png","width":2694,"height":982,"caption":"\u0141\u00f3dzki Klaster ICT"},"image":{"@id":"https:\/\/ictcluster.pl\/#\/schema\/logo\/image\/"},"sameAs":["https:\/\/www.facebook.com\/KlasterICTLodz"]}]}},"_links":{"self":[{"href":"https:\/\/ictcluster.pl\/en\/wp-json\/wp\/v2\/pages\/3851","targetHints":{"allow":["GET"]}}],"collection":[{"href":"https:\/\/ictcluster.pl\/en\/wp-json\/wp\/v2\/pages"}],"about":[{"href":"https:\/\/ictcluster.pl\/en\/wp-json\/wp\/v2\/types\/page"}],"author":[{"embeddable":true,"href":"https:\/\/ictcluster.pl\/en\/wp-json\/wp\/v2\/users\/2"}],"replies":[{"embeddable":true,"href":"https:\/\/ictcluster.pl\/en\/wp-json\/wp\/v2\/comments?post=3851"}],"version-history":[{"count":12,"href":"https:\/\/ictcluster.pl\/en\/wp-json\/wp\/v2\/pages\/3851\/revisions"}],"predecessor-version":[{"id":3935,"href":"https:\/\/ictcluster.pl\/en\/wp-json\/wp\/v2\/pages\/3851\/revisions\/3935"}],"wp:attachment":[{"href":"https:\/\/ictcluster.pl\/en\/wp-json\/wp\/v2\/media?parent=3851"}],"curies":[{"name":"wp","href":"https:\/\/api.w.org\/{rel}","templated":true}]}}