{"id":3028,"date":"2024-05-19T22:13:59","date_gmt":"2024-05-19T20:13:59","guid":{"rendered":"https:\/\/ictcluster.pl\/?page_id=3028"},"modified":"2024-05-27T11:03:51","modified_gmt":"2024-05-27T09:03:51","slug":"debaty","status":"publish","type":"page","link":"https:\/\/ictcluster.pl\/en\/debaty\/","title":{"rendered":"Debaty"},"content":{"rendered":"<div data-elementor-type=\"wp-page\" data-elementor-id=\"3028\" class=\"elementor elementor-3028\">\n\t\t\t\t\t\t<section class=\"elementor-section elementor-top-section elementor-element elementor-element-2b5663b elementor-section-content-middle elementor-section-boxed elementor-section-height-default elementor-section-height-default\" data-id=\"2b5663b\" data-element_type=\"section\">\n\t\t\t\t\t\t<div class=\"elementor-container elementor-column-gap-default\">\n\t\t\t\t\t<div class=\"elementor-column elementor-col-100 elementor-top-column elementor-element elementor-element-4268857\" data-id=\"4268857\" data-element_type=\"column\">\n\t\t\t<div class=\"elementor-widget-wrap elementor-element-populated\">\n\t\t\t\t\t\t<div class=\"elementor-element elementor-element-344bd04 elementor-widget elementor-widget-heading\" data-id=\"344bd04\" data-element_type=\"widget\" data-widget_type=\"heading.default\">\n\t\t\t\t<div class=\"elementor-widget-container\">\n\t\t\t\t\t<h2 class=\"elementor-heading-title elementor-size-default\">Trendy I(T) Rewolucje<\/h2>\t\t\t\t<\/div>\n\t\t\t\t<\/div>\n\t\t\t\t\t<\/div>\n\t\t<\/div>\n\t\t\t\t\t<\/div>\n\t\t<\/section>\n\t\t\t\t<section class=\"elementor-section elementor-top-section elementor-element elementor-element-0ffc475 elementor-section-boxed elementor-section-height-default elementor-section-height-default\" data-id=\"0ffc475\" data-element_type=\"section\">\n\t\t\t\t\t\t<div class=\"elementor-container elementor-column-gap-default\">\n\t\t\t\t\t<div class=\"elementor-column elementor-col-50 elementor-top-column elementor-element elementor-element-1d5c50c\" data-id=\"1d5c50c\" data-element_type=\"column\">\n\t\t\t<div class=\"elementor-widget-wrap elementor-element-populated\">\n\t\t\t\t\t\t<div class=\"elementor-element elementor-element-4056ae6 elementor-widget elementor-widget-heading\" data-id=\"4056ae6\" data-element_type=\"widget\" data-widget_type=\"heading.default\">\n\t\t\t\t<div class=\"elementor-widget-container\">\n\t\t\t\t\t<div class=\"elementor-heading-title elementor-size-default\">Debaty technologiczne klastra \"Trendy I(T) Rewolucje\" to inicjatywa maj\u0105ca na celu propagowanie najnowszych technologii. Uczestnikami debat s\u0105 eksperci reprezentuj\u0105cy firmy zrzeszone w klastrze. Tematyka debat obejmuj\u0119 m.in. AI, Cloud, Smart Buidlings oraz IoT. Cykl prezentuje konkretne tre\u015bci, kt\u00f3re bez nachalnej sprzeda\u017cy pokazuj\u0105 nowe trendy w \u015bwiatowej bran\u017cy IT.<\/div>\t\t\t\t<\/div>\n\t\t\t\t<\/div>\n\t\t\t\t\t<\/div>\n\t\t<\/div>\n\t\t\t\t<div class=\"elementor-column elementor-col-50 elementor-top-column elementor-element elementor-element-ef7436d\" data-id=\"ef7436d\" data-element_type=\"column\">\n\t\t\t<div class=\"elementor-widget-wrap elementor-element-populated\">\n\t\t\t\t\t\t<div class=\"elementor-element elementor-element-8dac020 elementor-widget elementor-widget-image\" data-id=\"8dac020\" data-element_type=\"widget\" data-widget_type=\"image.default\">\n\t\t\t\t<div class=\"elementor-widget-container\">\n\t\t\t\t\t\t\t\t\t\t\t\t\t\t\t<img fetchpriority=\"high\" decoding=\"async\" width=\"1024\" height=\"576\" src=\"https:\/\/ictcluster.pl\/wp-content\/uploads\/2024\/05\/debaty-it-1024x576.jpg\" class=\"attachment-large size-large wp-image-3027\" alt=\"\" srcset=\"https:\/\/ictcluster.pl\/wp-content\/uploads\/2024\/05\/debaty-it-1024x576.jpg 1024w, https:\/\/ictcluster.pl\/wp-content\/uploads\/2024\/05\/debaty-it-300x169.jpg 300w, https:\/\/ictcluster.pl\/wp-content\/uploads\/2024\/05\/debaty-it-768x432.jpg 768w, https:\/\/ictcluster.pl\/wp-content\/uploads\/2024\/05\/debaty-it-1536x864.jpg 1536w, https:\/\/ictcluster.pl\/wp-content\/uploads\/2024\/05\/debaty-it-18x10.jpg 18w, https:\/\/ictcluster.pl\/wp-content\/uploads\/2024\/05\/debaty-it-1000x563.jpg 1000w, https:\/\/ictcluster.pl\/wp-content\/uploads\/2024\/05\/debaty-it-230x129.jpg 230w, https:\/\/ictcluster.pl\/wp-content\/uploads\/2024\/05\/debaty-it-350x197.jpg 350w, https:\/\/ictcluster.pl\/wp-content\/uploads\/2024\/05\/debaty-it-480x270.jpg 480w, https:\/\/ictcluster.pl\/wp-content\/uploads\/2024\/05\/debaty-it.jpg 2048w\" sizes=\"(max-width: 1024px) 100vw, 1024px\" \/>\t\t\t\t\t\t\t\t\t\t\t\t\t\t\t<\/div>\n\t\t\t\t<\/div>\n\t\t\t\t\t<\/div>\n\t\t<\/div>\n\t\t\t\t\t<\/div>\n\t\t<\/section>\n\t\t\t\t<section class=\"elementor-section elementor-top-section elementor-element elementor-element-afe45bf elementor-section-boxed elementor-section-height-default elementor-section-height-default\" data-id=\"afe45bf\" data-element_type=\"section\">\n\t\t\t\t\t\t<div class=\"elementor-container elementor-column-gap-default\">\n\t\t\t\t\t<div class=\"elementor-column elementor-col-100 elementor-top-column elementor-element elementor-element-595eae8\" data-id=\"595eae8\" data-element_type=\"column\">\n\t\t\t<div class=\"elementor-widget-wrap elementor-element-populated\">\n\t\t\t\t\t\t<div class=\"elementor-element elementor-element-24bdd84 elementor-widget elementor-widget-heading\" data-id=\"24bdd84\" data-element_type=\"widget\" data-widget_type=\"heading.default\">\n\t\t\t\t<div class=\"elementor-widget-container\">\n\t\t\t\t\t<h2 class=\"elementor-heading-title elementor-size-default\">S02<\/h2>\t\t\t\t<\/div>\n\t\t\t\t<\/div>\n\t\t\t\t<section class=\"elementor-section elementor-inner-section elementor-element elementor-element-452844d elementor-section-boxed elementor-section-height-default elementor-section-height-default\" data-id=\"452844d\" data-element_type=\"section\">\n\t\t\t\t\t\t<div class=\"elementor-container elementor-column-gap-default\">\n\t\t\t\t\t<div class=\"elementor-column elementor-col-50 elementor-inner-column elementor-element elementor-element-49671ef\" data-id=\"49671ef\" data-element_type=\"column\">\n\t\t\t<div class=\"elementor-widget-wrap elementor-element-populated\">\n\t\t\t\t\t\t<div class=\"elementor-element elementor-element-fa29a69 elementor-widget elementor-widget-video\" data-id=\"fa29a69\" data-element_type=\"widget\" data-settings=\"{&quot;youtube_url&quot;:&quot;https:\\\/\\\/www.youtube.com\\\/watch?v=kf-Lck_J2Xc&amp;pp=ygUUxYLDs2R6a2kga2xhc3RlciBpY3Q%3D&quot;,&quot;video_type&quot;:&quot;youtube&quot;,&quot;controls&quot;:&quot;yes&quot;}\" data-widget_type=\"video.default\">\n\t\t\t\t<div class=\"elementor-widget-container\">\n\t\t\t\t\t\t\t<div class=\"elementor-wrapper elementor-open-inline\">\n\t\t\t<div class=\"elementor-video\"><\/div>\t\t<\/div>\n\t\t\t\t\t\t<\/div>\n\t\t\t\t<\/div>\n\t\t\t\t\t<\/div>\n\t\t<\/div>\n\t\t\t\t<div class=\"elementor-column elementor-col-50 elementor-inner-column elementor-element elementor-element-8c26bb7\" data-id=\"8c26bb7\" data-element_type=\"column\">\n\t\t\t<div class=\"elementor-widget-wrap\">\n\t\t\t\t\t\t\t<\/div>\n\t\t<\/div>\n\t\t\t\t\t<\/div>\n\t\t<\/section>\n\t\t\t\t\t<\/div>\n\t\t<\/div>\n\t\t\t\t\t<\/div>\n\t\t<\/section>\n\t\t\t\t<section class=\"elementor-section elementor-top-section elementor-element elementor-element-9188205 elementor-section-boxed elementor-section-height-default elementor-section-height-default\" data-id=\"9188205\" data-element_type=\"section\">\n\t\t\t\t\t\t<div class=\"elementor-container elementor-column-gap-default\">\n\t\t\t\t\t<div class=\"elementor-column elementor-col-100 elementor-top-column elementor-element elementor-element-61f8673\" data-id=\"61f8673\" data-element_type=\"column\">\n\t\t\t<div class=\"elementor-widget-wrap elementor-element-populated\">\n\t\t\t\t\t\t<div class=\"elementor-element elementor-element-0785735 elementor-widget elementor-widget-heading\" data-id=\"0785735\" data-element_type=\"widget\" data-widget_type=\"heading.default\">\n\t\t\t\t<div class=\"elementor-widget-container\">\n\t\t\t\t\t<h2 class=\"elementor-heading-title elementor-size-default\">S01<\/h2>\t\t\t\t<\/div>\n\t\t\t\t<\/div>\n\t\t\t\t<section class=\"elementor-section elementor-inner-section elementor-element elementor-element-3f5c1f9 elementor-section-boxed elementor-section-height-default elementor-section-height-default\" data-id=\"3f5c1f9\" data-element_type=\"section\">\n\t\t\t\t\t\t<div class=\"elementor-container elementor-column-gap-default\">\n\t\t\t\t\t<div class=\"elementor-column elementor-col-50 elementor-inner-column elementor-element elementor-element-995d1b8\" data-id=\"995d1b8\" data-element_type=\"column\">\n\t\t\t<div class=\"elementor-widget-wrap elementor-element-populated\">\n\t\t\t\t\t\t<div class=\"elementor-element elementor-element-3be5153 elementor-widget elementor-widget-video\" data-id=\"3be5153\" data-element_type=\"widget\" data-settings=\"{&quot;youtube_url&quot;:&quot;https:\\\/\\\/www.youtube.com\\\/watch?v=HeGj23bdH9s&quot;,&quot;video_type&quot;:&quot;youtube&quot;,&quot;controls&quot;:&quot;yes&quot;}\" data-widget_type=\"video.default\">\n\t\t\t\t<div class=\"elementor-widget-container\">\n\t\t\t\t\t\t\t<div class=\"elementor-wrapper elementor-open-inline\">\n\t\t\t<div class=\"elementor-video\"><\/div>\t\t<\/div>\n\t\t\t\t\t\t<\/div>\n\t\t\t\t<\/div>\n\t\t\t\t\t<\/div>\n\t\t<\/div>\n\t\t\t\t<div class=\"elementor-column elementor-col-50 elementor-inner-column elementor-element elementor-element-e37a8a8\" data-id=\"e37a8a8\" data-element_type=\"column\">\n\t\t\t<div class=\"elementor-widget-wrap elementor-element-populated\">\n\t\t\t\t\t\t<div class=\"elementor-element elementor-element-cea4062 elementor-widget elementor-widget-video\" data-id=\"cea4062\" data-element_type=\"widget\" data-settings=\"{&quot;youtube_url&quot;:&quot;https:\\\/\\\/www.youtube.com\\\/watch?v=dUrsgdn4vtE&amp;t=14s&quot;,&quot;video_type&quot;:&quot;youtube&quot;,&quot;controls&quot;:&quot;yes&quot;}\" data-widget_type=\"video.default\">\n\t\t\t\t<div class=\"elementor-widget-container\">\n\t\t\t\t\t\t\t<div class=\"elementor-wrapper elementor-open-inline\">\n\t\t\t<div class=\"elementor-video\"><\/div>\t\t<\/div>\n\t\t\t\t\t\t<\/div>\n\t\t\t\t<\/div>\n\t\t\t\t\t<\/div>\n\t\t<\/div>\n\t\t\t\t\t<\/div>\n\t\t<\/section>\n\t\t\t\t\t<\/div>\n\t\t<\/div>\n\t\t\t\t\t<\/div>\n\t\t<\/section>\n\t\t\t\t<section class=\"elementor-section elementor-top-section elementor-element elementor-element-68e8b0a elementor-section-boxed elementor-section-height-default elementor-section-height-default\" data-id=\"68e8b0a\" data-element_type=\"section\">\n\t\t\t\t\t\t<div class=\"elementor-container elementor-column-gap-default\">\n\t\t\t\t\t<div class=\"elementor-column elementor-col-100 elementor-top-column elementor-element elementor-element-f8f1a42\" data-id=\"f8f1a42\" data-element_type=\"column\">\n\t\t\t<div class=\"elementor-widget-wrap elementor-element-populated\">\n\t\t\t\t\t\t<section class=\"elementor-section elementor-inner-section elementor-element elementor-element-68d031f elementor-section-boxed elementor-section-height-default elementor-section-height-default\" data-id=\"68d031f\" data-element_type=\"section\">\n\t\t\t\t\t\t<div class=\"elementor-container elementor-column-gap-default\">\n\t\t\t\t\t<div class=\"elementor-column elementor-col-50 elementor-inner-column elementor-element elementor-element-631659e\" data-id=\"631659e\" data-element_type=\"column\">\n\t\t\t<div class=\"elementor-widget-wrap elementor-element-populated\">\n\t\t\t\t\t\t<div class=\"elementor-element elementor-element-5ce274a elementor-widget elementor-widget-video\" data-id=\"5ce274a\" data-element_type=\"widget\" data-settings=\"{&quot;youtube_url&quot;:&quot;https:\\\/\\\/www.youtube.com\\\/watch?v=VgwJ8P8B72s&quot;,&quot;video_type&quot;:&quot;youtube&quot;,&quot;controls&quot;:&quot;yes&quot;}\" data-widget_type=\"video.default\">\n\t\t\t\t<div class=\"elementor-widget-container\">\n\t\t\t\t\t\t\t<div class=\"elementor-wrapper elementor-open-inline\">\n\t\t\t<div class=\"elementor-video\"><\/div>\t\t<\/div>\n\t\t\t\t\t\t<\/div>\n\t\t\t\t<\/div>\n\t\t\t\t\t<\/div>\n\t\t<\/div>\n\t\t\t\t<div class=\"elementor-column elementor-col-50 elementor-inner-column elementor-element elementor-element-3fe2080\" data-id=\"3fe2080\" data-element_type=\"column\">\n\t\t\t<div class=\"elementor-widget-wrap\">\n\t\t\t\t\t\t\t<\/div>\n\t\t<\/div>\n\t\t\t\t\t<\/div>\n\t\t<\/section>\n\t\t\t\t\t<\/div>\n\t\t<\/div>\n\t\t\t\t\t<\/div>\n\t\t<\/section>\n\t\t\t\t<\/div>","protected":false},"excerpt":{"rendered":"<p>Trendy I(T) Rewolucje Debaty technologiczne klastra &#8220;Trendy I(T) Rewolucje&#8221; to inicjatywa maj\u0105ca na celu propagowanie najnowszych technologii. Uczestnikami debat s\u0105 eksperci reprezentuj\u0105cy&#8230;<\/p>","protected":false},"author":2,"featured_media":0,"parent":0,"menu_order":0,"comment_status":"closed","ping_status":"closed","template":"page-templates\/page_front-page.php","meta":{"ub_ctt_via":"","footnotes":""},"class_list":["post-3028","page","type-page","status-publish","hentry"],"featured_image_src":null,"yoast_head":"<!-- This site is optimized with the Yoast SEO plugin v27.4 - https:\/\/yoast.com\/product\/yoast-seo-wordpress\/ -->\n<title>Debaty - \u0141\u00f3dzki Klaster ICT<\/title>\n<meta name=\"robots\" content=\"index, follow, max-snippet:-1, max-image-preview:large, max-video-preview:-1\" \/>\n<link rel=\"canonical\" href=\"https:\/\/ictcluster.pl\/en\/debaty\/\" \/>\n<meta property=\"og:locale\" content=\"en_GB\" \/>\n<meta property=\"og:type\" content=\"article\" \/>\n<meta property=\"og:title\" content=\"Debaty - \u0141\u00f3dzki Klaster ICT\" \/>\n<meta property=\"og:description\" content=\"Trendy I(T) Rewolucje Debaty technologiczne klastra &#8220;Trendy I(T) Rewolucje&#8221; to inicjatywa maj\u0105ca na celu propagowanie najnowszych technologii. Uczestnikami debat s\u0105 eksperci reprezentuj\u0105cy...\" \/>\n<meta property=\"og:url\" content=\"https:\/\/ictcluster.pl\/en\/debaty\/\" \/>\n<meta property=\"og:site_name\" content=\"\u0141\u00f3dzki Klaster ICT\" \/>\n<meta property=\"article:publisher\" content=\"https:\/\/www.facebook.com\/KlasterICTLodz\" \/>\n<meta property=\"article:modified_time\" content=\"2024-05-27T09:03:51+00:00\" \/>\n<meta property=\"og:image\" content=\"https:\/\/ictcluster.pl\/wp-content\/uploads\/2024\/05\/debaty-it.jpg\" \/>\n\t<meta property=\"og:image:width\" content=\"2048\" \/>\n\t<meta property=\"og:image:height\" content=\"1152\" \/>\n\t<meta property=\"og:image:type\" content=\"image\/jpeg\" \/>\n<meta name=\"twitter:card\" content=\"summary_large_image\" \/>\n<meta name=\"twitter:label1\" content=\"Estimated reading time\" \/>\n\t<meta name=\"twitter:data1\" content=\"1 minute\" \/>\n<script type=\"application\/ld+json\" class=\"yoast-schema-graph\">{\"@context\":\"https:\\\/\\\/schema.org\",\"@graph\":[{\"@type\":\"WebPage\",\"@id\":\"https:\\\/\\\/ictcluster.pl\\\/debaty\\\/\",\"url\":\"https:\\\/\\\/ictcluster.pl\\\/debaty\\\/\",\"name\":\"Debaty - \u0141\u00f3dzki Klaster ICT\",\"isPartOf\":{\"@id\":\"https:\\\/\\\/ictcluster.pl\\\/#website\"},\"primaryImageOfPage\":{\"@id\":\"https:\\\/\\\/ictcluster.pl\\\/debaty\\\/#primaryimage\"},\"image\":{\"@id\":\"https:\\\/\\\/ictcluster.pl\\\/debaty\\\/#primaryimage\"},\"thumbnailUrl\":\"https:\\\/\\\/ictcluster.pl\\\/wp-content\\\/uploads\\\/2024\\\/05\\\/debaty-it-1024x576.jpg\",\"datePublished\":\"2024-05-19T20:13:59+00:00\",\"dateModified\":\"2024-05-27T09:03:51+00:00\",\"breadcrumb\":{\"@id\":\"https:\\\/\\\/ictcluster.pl\\\/debaty\\\/#breadcrumb\"},\"inLanguage\":\"en-GB\",\"potentialAction\":[{\"@type\":\"ReadAction\",\"target\":[\"https:\\\/\\\/ictcluster.pl\\\/debaty\\\/\"]}]},{\"@type\":\"ImageObject\",\"inLanguage\":\"en-GB\",\"@id\":\"https:\\\/\\\/ictcluster.pl\\\/debaty\\\/#primaryimage\",\"url\":\"https:\\\/\\\/ictcluster.pl\\\/wp-content\\\/uploads\\\/2024\\\/05\\\/debaty-it-1024x576.jpg\",\"contentUrl\":\"https:\\\/\\\/ictcluster.pl\\\/wp-content\\\/uploads\\\/2024\\\/05\\\/debaty-it-1024x576.jpg\"},{\"@type\":\"BreadcrumbList\",\"@id\":\"https:\\\/\\\/ictcluster.pl\\\/debaty\\\/#breadcrumb\",\"itemListElement\":[{\"@type\":\"ListItem\",\"position\":1,\"name\":\"Strona g\u0142\u00f3wna\",\"item\":\"https:\\\/\\\/ictcluster.pl\\\/\"},{\"@type\":\"ListItem\",\"position\":2,\"name\":\"Debaty\"}]},{\"@type\":\"WebSite\",\"@id\":\"https:\\\/\\\/ictcluster.pl\\\/#website\",\"url\":\"https:\\\/\\\/ictcluster.pl\\\/\",\"name\":\"\u0141\u00f3dzki Klaster ICT\",\"description\":\"\",\"publisher\":{\"@id\":\"https:\\\/\\\/ictcluster.pl\\\/#organization\"},\"potentialAction\":[{\"@type\":\"SearchAction\",\"target\":{\"@type\":\"EntryPoint\",\"urlTemplate\":\"https:\\\/\\\/ictcluster.pl\\\/?s={search_term_string}\"},\"query-input\":{\"@type\":\"PropertyValueSpecification\",\"valueRequired\":true,\"valueName\":\"search_term_string\"}}],\"inLanguage\":\"en-GB\"},{\"@type\":\"Organization\",\"@id\":\"https:\\\/\\\/ictcluster.pl\\\/#organization\",\"name\":\"\u0141\u00f3dzki Klaster ICT\",\"url\":\"https:\\\/\\\/ictcluster.pl\\\/\",\"logo\":{\"@type\":\"ImageObject\",\"inLanguage\":\"en-GB\",\"@id\":\"https:\\\/\\\/ictcluster.pl\\\/#\\\/schema\\\/logo\\\/image\\\/\",\"url\":\"https:\\\/\\\/ictcluster.pl\\\/wp-content\\\/uploads\\\/2023\\\/01\\\/lodzki-klaster-ict.png\",\"contentUrl\":\"https:\\\/\\\/ictcluster.pl\\\/wp-content\\\/uploads\\\/2023\\\/01\\\/lodzki-klaster-ict.png\",\"width\":2694,\"height\":982,\"caption\":\"\u0141\u00f3dzki Klaster ICT\"},\"image\":{\"@id\":\"https:\\\/\\\/ictcluster.pl\\\/#\\\/schema\\\/logo\\\/image\\\/\"},\"sameAs\":[\"https:\\\/\\\/www.facebook.com\\\/KlasterICTLodz\"]}]}<\/script>\n<!-- \/ Yoast SEO plugin. -->","yoast_head_json":{"title":"Debaty - \u0141\u00f3dzki Klaster ICT","robots":{"index":"index","follow":"follow","max-snippet":"max-snippet:-1","max-image-preview":"max-image-preview:large","max-video-preview":"max-video-preview:-1"},"canonical":"https:\/\/ictcluster.pl\/en\/debaty\/","og_locale":"en_GB","og_type":"article","og_title":"Debaty - \u0141\u00f3dzki Klaster ICT","og_description":"Trendy I(T) Rewolucje Debaty technologiczne klastra &#8220;Trendy I(T) Rewolucje&#8221; to inicjatywa maj\u0105ca na celu propagowanie najnowszych technologii. Uczestnikami debat s\u0105 eksperci reprezentuj\u0105cy...","og_url":"https:\/\/ictcluster.pl\/en\/debaty\/","og_site_name":"\u0141\u00f3dzki Klaster ICT","article_publisher":"https:\/\/www.facebook.com\/KlasterICTLodz","article_modified_time":"2024-05-27T09:03:51+00:00","og_image":[{"width":2048,"height":1152,"url":"https:\/\/ictcluster.pl\/wp-content\/uploads\/2024\/05\/debaty-it.jpg","type":"image\/jpeg"}],"twitter_card":"summary_large_image","twitter_misc":{"Estimated reading time":"1 minute"},"schema":{"@context":"https:\/\/schema.org","@graph":[{"@type":"WebPage","@id":"https:\/\/ictcluster.pl\/debaty\/","url":"https:\/\/ictcluster.pl\/debaty\/","name":"Debaty - \u0141\u00f3dzki Klaster ICT","isPartOf":{"@id":"https:\/\/ictcluster.pl\/#website"},"primaryImageOfPage":{"@id":"https:\/\/ictcluster.pl\/debaty\/#primaryimage"},"image":{"@id":"https:\/\/ictcluster.pl\/debaty\/#primaryimage"},"thumbnailUrl":"https:\/\/ictcluster.pl\/wp-content\/uploads\/2024\/05\/debaty-it-1024x576.jpg","datePublished":"2024-05-19T20:13:59+00:00","dateModified":"2024-05-27T09:03:51+00:00","breadcrumb":{"@id":"https:\/\/ictcluster.pl\/debaty\/#breadcrumb"},"inLanguage":"en-GB","potentialAction":[{"@type":"ReadAction","target":["https:\/\/ictcluster.pl\/debaty\/"]}]},{"@type":"ImageObject","inLanguage":"en-GB","@id":"https:\/\/ictcluster.pl\/debaty\/#primaryimage","url":"https:\/\/ictcluster.pl\/wp-content\/uploads\/2024\/05\/debaty-it-1024x576.jpg","contentUrl":"https:\/\/ictcluster.pl\/wp-content\/uploads\/2024\/05\/debaty-it-1024x576.jpg"},{"@type":"BreadcrumbList","@id":"https:\/\/ictcluster.pl\/debaty\/#breadcrumb","itemListElement":[{"@type":"ListItem","position":1,"name":"Strona g\u0142\u00f3wna","item":"https:\/\/ictcluster.pl\/"},{"@type":"ListItem","position":2,"name":"Debaty"}]},{"@type":"WebSite","@id":"https:\/\/ictcluster.pl\/#website","url":"https:\/\/ictcluster.pl\/","name":"Lodz ICT Cluster","description":"","publisher":{"@id":"https:\/\/ictcluster.pl\/#organization"},"potentialAction":[{"@type":"SearchAction","target":{"@type":"EntryPoint","urlTemplate":"https:\/\/ictcluster.pl\/?s={search_term_string}"},"query-input":{"@type":"PropertyValueSpecification","valueRequired":true,"valueName":"search_term_string"}}],"inLanguage":"en-GB"},{"@type":"Organization","@id":"https:\/\/ictcluster.pl\/#organization","name":"Lodz ICT Cluster","url":"https:\/\/ictcluster.pl\/","logo":{"@type":"ImageObject","inLanguage":"en-GB","@id":"https:\/\/ictcluster.pl\/#\/schema\/logo\/image\/","url":"https:\/\/ictcluster.pl\/wp-content\/uploads\/2023\/01\/lodzki-klaster-ict.png","contentUrl":"https:\/\/ictcluster.pl\/wp-content\/uploads\/2023\/01\/lodzki-klaster-ict.png","width":2694,"height":982,"caption":"\u0141\u00f3dzki Klaster ICT"},"image":{"@id":"https:\/\/ictcluster.pl\/#\/schema\/logo\/image\/"},"sameAs":["https:\/\/www.facebook.com\/KlasterICTLodz"]}]}},"_links":{"self":[{"href":"https:\/\/ictcluster.pl\/en\/wp-json\/wp\/v2\/pages\/3028","targetHints":{"allow":["GET"]}}],"collection":[{"href":"https:\/\/ictcluster.pl\/en\/wp-json\/wp\/v2\/pages"}],"about":[{"href":"https:\/\/ictcluster.pl\/en\/wp-json\/wp\/v2\/types\/page"}],"author":[{"embeddable":true,"href":"https:\/\/ictcluster.pl\/en\/wp-json\/wp\/v2\/users\/2"}],"replies":[{"embeddable":true,"href":"https:\/\/ictcluster.pl\/en\/wp-json\/wp\/v2\/comments?post=3028"}],"version-history":[{"count":13,"href":"https:\/\/ictcluster.pl\/en\/wp-json\/wp\/v2\/pages\/3028\/revisions"}],"predecessor-version":[{"id":3074,"href":"https:\/\/ictcluster.pl\/en\/wp-json\/wp\/v2\/pages\/3028\/revisions\/3074"}],"wp:attachment":[{"href":"https:\/\/ictcluster.pl\/en\/wp-json\/wp\/v2\/media?parent=3028"}],"curies":[{"name":"wp","href":"https:\/\/api.w.org\/{rel}","templated":true}]}}