{"id":2979,"date":"2024-04-22T08:36:06","date_gmt":"2024-04-22T06:36:06","guid":{"rendered":"https:\/\/ictcluster.pl\/?page_id=2979"},"modified":"2024-04-22T08:39:23","modified_gmt":"2024-04-22T06:39:23","slug":"rodo","status":"publish","type":"page","link":"https:\/\/ictcluster.pl\/en\/rodo\/","title":{"rendered":"RODO"},"content":{"rendered":"<p><strong>Klauzula informacyjna<br><\/strong>Zgodnie z art. 13 ust. 1 i 2 og\u00f3lnego rozporz\u0105dzenia o ochronie danych osobowych z dnia 27 kwietnia 2016 r. (rozporz\u0105dzenie Parlamentu Europejskiego i Rady UE 2016\/679 w sprawie ochrony os\u00f3b fizycznych w zwi\u0105zku z przetwarzaniem danych i w sprawie swobodnego przep\u0142ywu takich danych oraz uchylenia dyrektywy 95\/46\/WE) informujemy, \u017ce<\/p>\n\n\n\n<ol class=\"wp-block-list\">\n<li>Administratorem danych osobowych jest Fundacja Politechniki \u0141\u00f3dzkiej, ul. \u017beromskiego 116, 90-924 \u0141\u00f3d\u017a, e-mail: office@ictcluster.pl lub biuro@fundacja.p.lodz.pl.<\/li>\n\n\n\n<li>Osob\u0105 do kontaktu we wszystkich sprawach dotycz\u0105cych przetwarzania danych osobowych oraz skorzystania z praw zwi\u0105zanych z przetwarzaniem danych osobowych jest Inspektor Ochrony Danych Osobowych, z kt\u00f3rym mo\u017cna si\u0119 skontaktowa\u0107 przez adres e-mail: iod@fundacja.p.lodz.pl.<\/li>\n\n\n\n<li>Podstawami przetwarzania danych jest zgoda na przetwarzanie danych osobowych w celach, o kt\u00f3rych mowa w tre\u015bci zgody w oparciu o art. 6 ust. 1 lit. a RODO,<\/li>\n\n\n\n<li>Administrator przechowuje dane jedynie przez czas niezb\u0119dny dla zrealizowania celu przetwarzania, lecz nie d\u0142u\u017cej ni\u017c przez okres 3 miesi\u0119cy od dnia zarejestrowania.<\/li>\n\n\n\n<li>Posiadaj\u0105 Pa\u0144stwo prawo do wniesienia skargi do organu nadzorczego \u2013 Prezesa Urz\u0119du Ochrony Danych Osobowych, gdy uzna Pani\/Pan, i\u017c przetwarzanie danych osobowych narusza przepisy o ochronie danych osobowych.<\/li>\n\n\n\n<li>Podanie danych osobowych jest niezb\u0119dne o udzia\u0142u w organizowanych wydarzeniach. Konsekwencj\u0105 niepodania danych osobowych b\u0119dzie brak mo\u017cliwo\u015bci uczestnictwa.<\/li>\n\n\n\n<li>Dane nie b\u0119d\u0105 przetwarzane w spos\u00f3b zautomatyzowany, w tym r\u00f3wnie\u017c w formie profilowania.<\/li>\n\n\n\n<li>Dane osobowe mog\u0105 by\u0107 udost\u0119pniane innym podmiotom, uprawnionym do ich otrzymania na podstawie obowi\u0105zuj\u0105cych przepis\u00f3w prawa, a ponadto odbiorcom danych w rozumieniu przepis\u00f3w o ochronie danych osobowych tj. podmiotom \u015bwiadcz\u0105cym us\u0142ugi informatyczne. Dane osobowe nie b\u0119d\u0105 przekazywane do pa\u0144stw trzecich.<\/li>\n\n\n\n<li>W zwi\u0105zku z przetwarzaniem danych osobowych osobie, kt\u00f3rej dane dotycz\u0105 przys\u0142uguj\u0105 nast\u0119puj\u0105ce prawa: dost\u0119pu do danych, sprostowania, usuni\u0119cia danych, przeniesienia, ograniczenia przetwarzania, do wniesienia sprzeciwu wobec przetwarzania danych osobowych.<\/li>\n\n\n\n<li>Mo\u017ce Pani\/Pan skorzysta\u0107 z prawa do wycofania zgody na przetwarzanie danych osobowych. Wycofanie zgody nie ma wp\u0142ywu na zgodno\u015b\u0107 z prawem przetwarzania, kt\u00f3rego dokonano na podstawie zgody przed jej wycofaniem. Udzielona przez Uczestnika zgoda mo\u017ce by\u0107 w ka\u017cdym czasie cofni\u0119ta poprzez kontakt e-mail: office@ictcluster.pl. Wycofanie zgody uniemo\u017cliwi udzia\u0142 w organizowanych wydarzeniach.<\/li>\n<\/ol>\n\n\n\n<p><strong>ZGODA NA PRZETWARZANIE DANYCH OSOBOWYCH<\/strong><\/p>\n\n\n\n<p>Zgodnie z art. 6 ust. 1 lit a og\u00f3lnego rozporz\u0105dzenia o ochronie danych osobowych z dnia 27 kwietnia 2016 r. (rozporz\u0105dzenie Parlamentu Europejskiego i Rady UE 2016\/679 w sprawie ochrony os\u00f3b fizycznych w zwi\u0105zku z przetwarzaniem danych i w sprawie swobodnego przep\u0142ywu takich danych oraz uchylenia dyrektywy 95\/46\/WE) wyra\u017cam zgod\u0119 na przetwarzanie moich danych osobowych w zakresie imienia, nazwiska, adresu poczty elektronicznej, numeru telefonu w celu rejestracji i uczestnictwa w wydarzeniach organizowanych przez ICT Polska Centralna Klaster.<br>Wiem, \u017ce podanie danych jest dobrowolne oraz, \u017ce mam prawo kontroli przetwarzania swoich danych osobowych, prawo dost\u0119pu do tre\u015bci tych danych, ich sprostowania, usuni\u0119cia lub ograniczenia przetwarzania oraz o prawo wniesienia sprzeciwu wobec ich przetwarzania.<br>Zosta\u0142am\/em poinformowana\/y o przys\u0142uguj\u0105cym mi prawie do cofni\u0119cia zgody, w dowolnym momencie, w formie, w jakiej zosta\u0142a ona wyra\u017cona. Wycofanie zgody nie wp\u0142ywa na zgodno\u015b\u0107 z prawem przetwarzania, kt\u00f3rego dokonano na podstawie zgody przed jej wycofaniem.<br>Dane osobowe b\u0119d\u0105 przetwarzane: do czasu wycofania zgody albo przez okres niezb\u0119dny do realizacji celu przetwarzania, jednak przez okres nie d\u0142u\u017cszy ni\u017c 3 miesi\u0105ce od momentu zarejestrowania si\u0119 uczestnika.<\/p>","protected":false},"excerpt":{"rendered":"<p>Klauzula informacyjnaZgodnie z art. 13 ust. 1 i 2 og\u00f3lnego rozporz\u0105dzenia o ochronie danych osobowych z dnia 27 kwietnia 2016 r. (rozporz\u0105dzenie&#8230;<\/p>","protected":false},"author":2,"featured_media":0,"parent":0,"menu_order":0,"comment_status":"closed","ping_status":"closed","template":"","meta":{"ub_ctt_via":"","footnotes":""},"class_list":["post-2979","page","type-page","status-publish","hentry"],"featured_image_src":null,"yoast_head":"<!-- This site is optimized with the Yoast SEO plugin v27.4 - https:\/\/yoast.com\/product\/yoast-seo-wordpress\/ -->\n<title>RODO - \u0141\u00f3dzki Klaster ICT<\/title>\n<meta name=\"robots\" content=\"index, follow, max-snippet:-1, max-image-preview:large, max-video-preview:-1\" \/>\n<link rel=\"canonical\" href=\"https:\/\/ictcluster.pl\/en\/rodo\/\" \/>\n<meta property=\"og:locale\" content=\"en_GB\" \/>\n<meta property=\"og:type\" content=\"article\" \/>\n<meta property=\"og:title\" content=\"RODO - \u0141\u00f3dzki Klaster ICT\" \/>\n<meta property=\"og:description\" content=\"Klauzula informacyjnaZgodnie z art. 13 ust. 1 i 2 og\u00f3lnego rozporz\u0105dzenia o ochronie danych osobowych z dnia 27 kwietnia 2016 r. (rozporz\u0105dzenie...\" \/>\n<meta property=\"og:url\" content=\"https:\/\/ictcluster.pl\/en\/rodo\/\" \/>\n<meta property=\"og:site_name\" content=\"\u0141\u00f3dzki Klaster ICT\" \/>\n<meta property=\"article:publisher\" content=\"https:\/\/www.facebook.com\/KlasterICTLodz\" \/>\n<meta property=\"article:modified_time\" content=\"2024-04-22T06:39:23+00:00\" \/>\n<meta name=\"twitter:card\" content=\"summary_large_image\" \/>\n<meta name=\"twitter:label1\" content=\"Estimated reading time\" \/>\n\t<meta name=\"twitter:data1\" content=\"3 minutes\" \/>\n<script type=\"application\/ld+json\" class=\"yoast-schema-graph\">{\"@context\":\"https:\\\/\\\/schema.org\",\"@graph\":[{\"@type\":\"WebPage\",\"@id\":\"https:\\\/\\\/ictcluster.pl\\\/rodo\\\/\",\"url\":\"https:\\\/\\\/ictcluster.pl\\\/rodo\\\/\",\"name\":\"RODO - \u0141\u00f3dzki Klaster ICT\",\"isPartOf\":{\"@id\":\"https:\\\/\\\/ictcluster.pl\\\/#website\"},\"datePublished\":\"2024-04-22T06:36:06+00:00\",\"dateModified\":\"2024-04-22T06:39:23+00:00\",\"breadcrumb\":{\"@id\":\"https:\\\/\\\/ictcluster.pl\\\/rodo\\\/#breadcrumb\"},\"inLanguage\":\"en-GB\",\"potentialAction\":[{\"@type\":\"ReadAction\",\"target\":[\"https:\\\/\\\/ictcluster.pl\\\/rodo\\\/\"]}]},{\"@type\":\"BreadcrumbList\",\"@id\":\"https:\\\/\\\/ictcluster.pl\\\/rodo\\\/#breadcrumb\",\"itemListElement\":[{\"@type\":\"ListItem\",\"position\":1,\"name\":\"Strona g\u0142\u00f3wna\",\"item\":\"https:\\\/\\\/ictcluster.pl\\\/\"},{\"@type\":\"ListItem\",\"position\":2,\"name\":\"RODO\"}]},{\"@type\":\"WebSite\",\"@id\":\"https:\\\/\\\/ictcluster.pl\\\/#website\",\"url\":\"https:\\\/\\\/ictcluster.pl\\\/\",\"name\":\"\u0141\u00f3dzki Klaster ICT\",\"description\":\"\",\"publisher\":{\"@id\":\"https:\\\/\\\/ictcluster.pl\\\/#organization\"},\"potentialAction\":[{\"@type\":\"SearchAction\",\"target\":{\"@type\":\"EntryPoint\",\"urlTemplate\":\"https:\\\/\\\/ictcluster.pl\\\/?s={search_term_string}\"},\"query-input\":{\"@type\":\"PropertyValueSpecification\",\"valueRequired\":true,\"valueName\":\"search_term_string\"}}],\"inLanguage\":\"en-GB\"},{\"@type\":\"Organization\",\"@id\":\"https:\\\/\\\/ictcluster.pl\\\/#organization\",\"name\":\"\u0141\u00f3dzki Klaster ICT\",\"url\":\"https:\\\/\\\/ictcluster.pl\\\/\",\"logo\":{\"@type\":\"ImageObject\",\"inLanguage\":\"en-GB\",\"@id\":\"https:\\\/\\\/ictcluster.pl\\\/#\\\/schema\\\/logo\\\/image\\\/\",\"url\":\"https:\\\/\\\/ictcluster.pl\\\/wp-content\\\/uploads\\\/2023\\\/01\\\/lodzki-klaster-ict.png\",\"contentUrl\":\"https:\\\/\\\/ictcluster.pl\\\/wp-content\\\/uploads\\\/2023\\\/01\\\/lodzki-klaster-ict.png\",\"width\":2694,\"height\":982,\"caption\":\"\u0141\u00f3dzki Klaster ICT\"},\"image\":{\"@id\":\"https:\\\/\\\/ictcluster.pl\\\/#\\\/schema\\\/logo\\\/image\\\/\"},\"sameAs\":[\"https:\\\/\\\/www.facebook.com\\\/KlasterICTLodz\"]}]}<\/script>\n<!-- \/ Yoast SEO plugin. -->","yoast_head_json":{"title":"RODO - \u0141\u00f3dzki Klaster ICT","robots":{"index":"index","follow":"follow","max-snippet":"max-snippet:-1","max-image-preview":"max-image-preview:large","max-video-preview":"max-video-preview:-1"},"canonical":"https:\/\/ictcluster.pl\/en\/rodo\/","og_locale":"en_GB","og_type":"article","og_title":"RODO - \u0141\u00f3dzki Klaster ICT","og_description":"Klauzula informacyjnaZgodnie z art. 13 ust. 1 i 2 og\u00f3lnego rozporz\u0105dzenia o ochronie danych osobowych z dnia 27 kwietnia 2016 r. (rozporz\u0105dzenie...","og_url":"https:\/\/ictcluster.pl\/en\/rodo\/","og_site_name":"\u0141\u00f3dzki Klaster ICT","article_publisher":"https:\/\/www.facebook.com\/KlasterICTLodz","article_modified_time":"2024-04-22T06:39:23+00:00","twitter_card":"summary_large_image","twitter_misc":{"Estimated reading time":"3 minutes"},"schema":{"@context":"https:\/\/schema.org","@graph":[{"@type":"WebPage","@id":"https:\/\/ictcluster.pl\/rodo\/","url":"https:\/\/ictcluster.pl\/rodo\/","name":"RODO - \u0141\u00f3dzki Klaster ICT","isPartOf":{"@id":"https:\/\/ictcluster.pl\/#website"},"datePublished":"2024-04-22T06:36:06+00:00","dateModified":"2024-04-22T06:39:23+00:00","breadcrumb":{"@id":"https:\/\/ictcluster.pl\/rodo\/#breadcrumb"},"inLanguage":"en-GB","potentialAction":[{"@type":"ReadAction","target":["https:\/\/ictcluster.pl\/rodo\/"]}]},{"@type":"BreadcrumbList","@id":"https:\/\/ictcluster.pl\/rodo\/#breadcrumb","itemListElement":[{"@type":"ListItem","position":1,"name":"Strona g\u0142\u00f3wna","item":"https:\/\/ictcluster.pl\/"},{"@type":"ListItem","position":2,"name":"RODO"}]},{"@type":"WebSite","@id":"https:\/\/ictcluster.pl\/#website","url":"https:\/\/ictcluster.pl\/","name":"Lodz ICT Cluster","description":"","publisher":{"@id":"https:\/\/ictcluster.pl\/#organization"},"potentialAction":[{"@type":"SearchAction","target":{"@type":"EntryPoint","urlTemplate":"https:\/\/ictcluster.pl\/?s={search_term_string}"},"query-input":{"@type":"PropertyValueSpecification","valueRequired":true,"valueName":"search_term_string"}}],"inLanguage":"en-GB"},{"@type":"Organization","@id":"https:\/\/ictcluster.pl\/#organization","name":"Lodz ICT Cluster","url":"https:\/\/ictcluster.pl\/","logo":{"@type":"ImageObject","inLanguage":"en-GB","@id":"https:\/\/ictcluster.pl\/#\/schema\/logo\/image\/","url":"https:\/\/ictcluster.pl\/wp-content\/uploads\/2023\/01\/lodzki-klaster-ict.png","contentUrl":"https:\/\/ictcluster.pl\/wp-content\/uploads\/2023\/01\/lodzki-klaster-ict.png","width":2694,"height":982,"caption":"\u0141\u00f3dzki Klaster ICT"},"image":{"@id":"https:\/\/ictcluster.pl\/#\/schema\/logo\/image\/"},"sameAs":["https:\/\/www.facebook.com\/KlasterICTLodz"]}]}},"_links":{"self":[{"href":"https:\/\/ictcluster.pl\/en\/wp-json\/wp\/v2\/pages\/2979","targetHints":{"allow":["GET"]}}],"collection":[{"href":"https:\/\/ictcluster.pl\/en\/wp-json\/wp\/v2\/pages"}],"about":[{"href":"https:\/\/ictcluster.pl\/en\/wp-json\/wp\/v2\/types\/page"}],"author":[{"embeddable":true,"href":"https:\/\/ictcluster.pl\/en\/wp-json\/wp\/v2\/users\/2"}],"replies":[{"embeddable":true,"href":"https:\/\/ictcluster.pl\/en\/wp-json\/wp\/v2\/comments?post=2979"}],"version-history":[{"count":3,"href":"https:\/\/ictcluster.pl\/en\/wp-json\/wp\/v2\/pages\/2979\/revisions"}],"predecessor-version":[{"id":2983,"href":"https:\/\/ictcluster.pl\/en\/wp-json\/wp\/v2\/pages\/2979\/revisions\/2983"}],"wp:attachment":[{"href":"https:\/\/ictcluster.pl\/en\/wp-json\/wp\/v2\/media?parent=2979"}],"curies":[{"name":"wp","href":"https:\/\/api.w.org\/{rel}","templated":true}]}}