{"id":2843,"date":"2024-02-16T10:12:03","date_gmt":"2024-02-16T09:12:03","guid":{"rendered":"https:\/\/ictcluster.pl\/?page_id=2843"},"modified":"2024-02-16T10:29:02","modified_gmt":"2024-02-16T09:29:02","slug":"rekomendacje","status":"publish","type":"page","link":"https:\/\/ictcluster.pl\/en\/rekomendacje\/","title":{"rendered":"Aktywno\u015bci &#8211; Copy"},"content":{"rendered":"<div data-elementor-type=\"wp-page\" data-elementor-id=\"2843\" class=\"elementor elementor-2843\">\n\t\t\t\t\t\t<section class=\"elementor-section elementor-top-section elementor-element elementor-element-2fa13c5 elementor-section-boxed elementor-section-height-default elementor-section-height-default\" data-id=\"2fa13c5\" data-element_type=\"section\" data-settings=\"{&quot;background_background&quot;:&quot;classic&quot;}\">\n\t\t\t\t\t\t<div class=\"elementor-container elementor-column-gap-default\">\n\t\t\t\t\t<div class=\"elementor-column elementor-col-100 elementor-top-column elementor-element elementor-element-168df36\" data-id=\"168df36\" data-element_type=\"column\">\n\t\t\t<div class=\"elementor-widget-wrap elementor-element-populated\">\n\t\t\t\t\t\t<div class=\"elementor-element elementor-element-3170bd4 elementor-widget elementor-widget-heading\" data-id=\"3170bd4\" data-element_type=\"widget\" data-widget_type=\"heading.default\">\n\t\t\t\t<div class=\"elementor-widget-container\">\n\t\t\t\t\t<h2 class=\"elementor-heading-title elementor-size-default\">Rekomendacje przedmiot\u00f3w \u0141\u00f3dzkiego Klastra ICT<\/h2>\t\t\t\t<\/div>\n\t\t\t\t<\/div>\n\t\t\t\t\t<\/div>\n\t\t<\/div>\n\t\t\t\t\t<\/div>\n\t\t<\/section>\n\t\t\t\t<section class=\"elementor-section elementor-top-section elementor-element elementor-element-130056e elementor-section-content-middle elementor-reverse-mobile elementor-section-boxed elementor-section-height-default elementor-section-height-default\" data-id=\"130056e\" data-element_type=\"section\" data-settings=\"{&quot;background_background&quot;:&quot;classic&quot;}\">\n\t\t\t\t\t\t<div class=\"elementor-container elementor-column-gap-default\">\n\t\t\t\t\t<div class=\"elementor-column elementor-col-50 elementor-top-column elementor-element elementor-element-7f289b8\" data-id=\"7f289b8\" data-element_type=\"column\">\n\t\t\t<div class=\"elementor-widget-wrap elementor-element-populated\">\n\t\t\t\t\t\t<div class=\"elementor-element elementor-element-3499a2b elementor-widget elementor-widget-heading\" data-id=\"3499a2b\" data-element_type=\"widget\" data-widget_type=\"heading.default\">\n\t\t\t\t<div class=\"elementor-widget-container\">\n\t\t\t\t\t<h6 class=\"elementor-heading-title elementor-size-default\">education<\/h6>\t\t\t\t<\/div>\n\t\t\t\t<\/div>\n\t\t\t\t<div class=\"elementor-element elementor-element-df1c175 elementor-widget elementor-widget-text-editor\" data-id=\"df1c175\" data-element_type=\"widget\" data-widget_type=\"text-editor.default\">\n\t\t\t\t<div class=\"elementor-widget-container\">\n\t\t\t\t\t\t\t\t\t<p><span data-contrast=\"auto\">Program \u201c<\/span><b><span data-contrast=\"auto\">Rekomendacje przedmiot\u00f3w<\/span><\/b><span data-contrast=\"auto\">\u201d zosta\u0142 stworzony przez Zesp\u00f3\u0142 Zadaniowy ds. Kszta\u0142cenia \u0141\u00f3dzkiego Klastra ICT. Jest to program autorski, stanowi\u0105cy jedn\u0105 z form wsp\u00f3\u0142pracy pomi\u0119dzy firmami a uczelniami (Politechnik\u0105 \u0141\u00f3dzk\u0105, Uniwersytetem \u0141\u00f3dzkim oraz Spo\u0142eczn\u0105 Akademi\u0105 Nauk) zrzeszonymi w ramach Klastra.<\/span><span data-ccp-props=\"{}\">\u00a0<\/span><\/p><p><span data-contrast=\"auto\">Jest to <strong>pierwsza tego typu inicjatywa w Polsce<\/strong>, promuj\u0105c\u0105 wsp\u00f3\u0142prac\u0119 uczelni z biznesem w zakresie promowania konkretnych przedmiot\u00f3w w programach studi\u00f3w.\u00a0<\/span><span data-ccp-props=\"{}\">\u00a0<\/span><\/p><p><span data-contrast=\"auto\">W procesie rekomendacji oceniane s\u0105 m.in. spos\u00f3b i jako\u015b\u0107 prowadzenia zaj\u0119\u0107 (w ramach hospitacji przedmiot\u00f3w przez specjalist\u00f3w \u2013 ekspert\u00f3w z firm), wykorzystywane materia\u0142y szkoleniowe oraz spos\u00f3b weryfikacji wiedzy student\u00f3w.<\/span><span data-ccp-props=\"{}\">\u00a0<\/span><\/p>\t\t\t\t\t\t\t\t<\/div>\n\t\t\t\t<\/div>\n\t\t\t\t\t<\/div>\n\t\t<\/div>\n\t\t\t\t<div class=\"elementor-column elementor-col-50 elementor-top-column elementor-element elementor-element-a02ffbc\" data-id=\"a02ffbc\" data-element_type=\"column\">\n\t\t\t<div class=\"elementor-widget-wrap elementor-element-populated\">\n\t\t\t\t\t\t<div class=\"elementor-element elementor-element-cbdb3cd elementor-widget elementor-widget-image\" data-id=\"cbdb3cd\" data-element_type=\"widget\" data-widget_type=\"image.default\">\n\t\t\t\t<div class=\"elementor-widget-container\">\n\t\t\t\t\t\t\t\t\t\t\t\t\t\t\t<img fetchpriority=\"high\" decoding=\"async\" width=\"300\" height=\"300\" src=\"https:\/\/ictcluster.pl\/wp-content\/uploads\/2024\/02\/rekomendacje-logo-1-300x300.png\" class=\"attachment-medium size-medium wp-image-2845\" alt=\"\" srcset=\"https:\/\/ictcluster.pl\/wp-content\/uploads\/2024\/02\/rekomendacje-logo-1-300x300.png 300w, https:\/\/ictcluster.pl\/wp-content\/uploads\/2024\/02\/rekomendacje-logo-1-150x150.png 150w, https:\/\/ictcluster.pl\/wp-content\/uploads\/2024\/02\/rekomendacje-logo-1-768x768.png 768w, https:\/\/ictcluster.pl\/wp-content\/uploads\/2024\/02\/rekomendacje-logo-1-12x12.png 12w, https:\/\/ictcluster.pl\/wp-content\/uploads\/2024\/02\/rekomendacje-logo-1-230x230.png 230w, https:\/\/ictcluster.pl\/wp-content\/uploads\/2024\/02\/rekomendacje-logo-1-350x350.png 350w, https:\/\/ictcluster.pl\/wp-content\/uploads\/2024\/02\/rekomendacje-logo-1-480x480.png 480w, https:\/\/ictcluster.pl\/wp-content\/uploads\/2024\/02\/rekomendacje-logo-1.png 917w\" sizes=\"(max-width: 300px) 100vw, 300px\" \/>\t\t\t\t\t\t\t\t\t\t\t\t\t\t\t<\/div>\n\t\t\t\t<\/div>\n\t\t\t\t\t<\/div>\n\t\t<\/div>\n\t\t\t\t\t<\/div>\n\t\t<\/section>\n\t\t\t\t<section class=\"elementor-section elementor-top-section elementor-element elementor-element-b8e90c3 elementor-section-content-middle elementor-reverse-mobile elementor-section-boxed elementor-section-height-default elementor-section-height-default\" data-id=\"b8e90c3\" data-element_type=\"section\" data-settings=\"{&quot;background_background&quot;:&quot;classic&quot;}\">\n\t\t\t\t\t\t<div class=\"elementor-container elementor-column-gap-default\">\n\t\t\t\t\t<div class=\"elementor-column elementor-col-100 elementor-top-column elementor-element elementor-element-44fef79\" data-id=\"44fef79\" data-element_type=\"column\">\n\t\t\t<div class=\"elementor-widget-wrap elementor-element-populated\">\n\t\t\t\t\t\t<div class=\"elementor-element elementor-element-b58cef8 elementor-widget elementor-widget-text-editor\" data-id=\"b58cef8\" data-element_type=\"widget\" data-widget_type=\"text-editor.default\">\n\t\t\t\t<div class=\"elementor-widget-container\">\n\t\t\t\t\t\t\t\t\t<p>Lista przedmiot\u00f3w, kt\u00f3re otrzyma\u0142y rekomendacje Klastra:<\/p><ul><li><a href=\"https:\/\/ictcluster.pl\/wp-content\/uploads\/2024\/02\/Rekomendacja-Sieciowe-systemy-baz-danych-PL.pdf\" target=\"_blank\" rel=\"noopener\">Sieciowe systemy baz danych (Wydzia\u0142 Fizyki Technicznej, Informatyki i Matematyki Stosowanej Politechniki \u0141\u00f3dzkiej)<\/a> &#8211; rekomendacja firmy <a href=\"https:\/\/faceidemia.com.pl\/o-firmie\/\" target=\"_blank\" rel=\"noopener\">Idemia\u00a0<\/a><\/li><li><a href=\"https:\/\/ictcluster.pl\/wp-content\/uploads\/2024\/02\/Rekomendacja-Podstawy-bezpieczenstwa-systemow-internetowych-PL.pdf\" target=\"_blank\" rel=\"noopener\">Podstawy bezpiecze\u0144stwa system\u00f3w internetowych (Wydzia\u0142 Fizyki Technicznej, Informatyki i Matematyki Stosowanej Politechniki \u0141\u00f3dzkiej)<\/a> &#8211;\u00a0rekomendacja firmy <a href=\"https:\/\/faceidemia.com.pl\/o-firmie\/\">Idemia<\/a><\/li><\/ul>\t\t\t\t\t\t\t\t<\/div>\n\t\t\t\t<\/div>\n\t\t\t\t\t<\/div>\n\t\t<\/div>\n\t\t\t\t\t<\/div>\n\t\t<\/section>\n\t\t\t\t<\/div>","protected":false},"excerpt":{"rendered":"<p>Rekomendacje przedmiot\u00f3w \u0141\u00f3dzkiego Klastra ICT kszta\u0142cenie Program \u201cRekomendacje przedmiot\u00f3w\u201d zosta\u0142 stworzony przez Zesp\u00f3\u0142 Zadaniowy ds. Kszta\u0142cenia \u0141\u00f3dzkiego Klastra ICT. Jest to program&#8230;<\/p>","protected":false},"author":2,"featured_media":0,"parent":0,"menu_order":0,"comment_status":"closed","ping_status":"closed","template":"page-templates\/page_front-page.php","meta":{"ub_ctt_via":"","footnotes":""},"class_list":["post-2843","page","type-page","status-publish","hentry"],"featured_image_src":null,"yoast_head":"<!-- This site is optimized with the Yoast SEO plugin v27.4 - https:\/\/yoast.com\/product\/yoast-seo-wordpress\/ -->\n<title>Aktywno\u015bci - Copy - \u0141\u00f3dzki Klaster ICT<\/title>\n<meta name=\"robots\" content=\"index, follow, max-snippet:-1, max-image-preview:large, max-video-preview:-1\" \/>\n<link rel=\"canonical\" href=\"https:\/\/ictcluster.pl\/en\/rekomendacje\/\" \/>\n<meta property=\"og:locale\" content=\"en_GB\" \/>\n<meta property=\"og:type\" content=\"article\" \/>\n<meta property=\"og:title\" content=\"Aktywno\u015bci - Copy - \u0141\u00f3dzki Klaster ICT\" \/>\n<meta property=\"og:description\" content=\"Rekomendacje przedmiot\u00f3w \u0141\u00f3dzkiego Klastra ICT kszta\u0142cenie Program \u201cRekomendacje przedmiot\u00f3w\u201d zosta\u0142 stworzony przez Zesp\u00f3\u0142 Zadaniowy ds. Kszta\u0142cenia \u0141\u00f3dzkiego Klastra ICT. Jest to program...\" \/>\n<meta property=\"og:url\" content=\"https:\/\/ictcluster.pl\/en\/rekomendacje\/\" \/>\n<meta property=\"og:site_name\" content=\"\u0141\u00f3dzki Klaster ICT\" \/>\n<meta property=\"article:publisher\" content=\"https:\/\/www.facebook.com\/KlasterICTLodz\" \/>\n<meta property=\"article:modified_time\" content=\"2024-02-16T09:29:02+00:00\" \/>\n<meta property=\"og:image\" content=\"https:\/\/ictcluster.pl\/wp-content\/uploads\/2024\/02\/rekomendacje-logo-1.png\" \/>\n\t<meta property=\"og:image:width\" content=\"917\" \/>\n\t<meta property=\"og:image:height\" content=\"917\" \/>\n\t<meta property=\"og:image:type\" content=\"image\/png\" \/>\n<meta name=\"twitter:card\" content=\"summary_large_image\" \/>\n<meta name=\"twitter:label1\" content=\"Estimated reading time\" \/>\n\t<meta name=\"twitter:data1\" content=\"1 minute\" \/>\n<script type=\"application\/ld+json\" class=\"yoast-schema-graph\">{\"@context\":\"https:\\\/\\\/schema.org\",\"@graph\":[{\"@type\":\"WebPage\",\"@id\":\"https:\\\/\\\/ictcluster.pl\\\/rekomendacje\\\/\",\"url\":\"https:\\\/\\\/ictcluster.pl\\\/rekomendacje\\\/\",\"name\":\"Aktywno\u015bci - Copy - \u0141\u00f3dzki Klaster ICT\",\"isPartOf\":{\"@id\":\"https:\\\/\\\/ictcluster.pl\\\/#website\"},\"primaryImageOfPage\":{\"@id\":\"https:\\\/\\\/ictcluster.pl\\\/rekomendacje\\\/#primaryimage\"},\"image\":{\"@id\":\"https:\\\/\\\/ictcluster.pl\\\/rekomendacje\\\/#primaryimage\"},\"thumbnailUrl\":\"https:\\\/\\\/ictcluster.pl\\\/wp-content\\\/uploads\\\/2024\\\/02\\\/rekomendacje-logo-1-300x300.png\",\"datePublished\":\"2024-02-16T09:12:03+00:00\",\"dateModified\":\"2024-02-16T09:29:02+00:00\",\"breadcrumb\":{\"@id\":\"https:\\\/\\\/ictcluster.pl\\\/rekomendacje\\\/#breadcrumb\"},\"inLanguage\":\"en-GB\",\"potentialAction\":[{\"@type\":\"ReadAction\",\"target\":[\"https:\\\/\\\/ictcluster.pl\\\/rekomendacje\\\/\"]}]},{\"@type\":\"ImageObject\",\"inLanguage\":\"en-GB\",\"@id\":\"https:\\\/\\\/ictcluster.pl\\\/rekomendacje\\\/#primaryimage\",\"url\":\"https:\\\/\\\/ictcluster.pl\\\/wp-content\\\/uploads\\\/2024\\\/02\\\/rekomendacje-logo-1-300x300.png\",\"contentUrl\":\"https:\\\/\\\/ictcluster.pl\\\/wp-content\\\/uploads\\\/2024\\\/02\\\/rekomendacje-logo-1-300x300.png\"},{\"@type\":\"BreadcrumbList\",\"@id\":\"https:\\\/\\\/ictcluster.pl\\\/rekomendacje\\\/#breadcrumb\",\"itemListElement\":[{\"@type\":\"ListItem\",\"position\":1,\"name\":\"Strona g\u0142\u00f3wna\",\"item\":\"https:\\\/\\\/ictcluster.pl\\\/\"},{\"@type\":\"ListItem\",\"position\":2,\"name\":\"Aktywno\u015bci &#8211; Copy\"}]},{\"@type\":\"WebSite\",\"@id\":\"https:\\\/\\\/ictcluster.pl\\\/#website\",\"url\":\"https:\\\/\\\/ictcluster.pl\\\/\",\"name\":\"\u0141\u00f3dzki Klaster ICT\",\"description\":\"\",\"publisher\":{\"@id\":\"https:\\\/\\\/ictcluster.pl\\\/#organization\"},\"potentialAction\":[{\"@type\":\"SearchAction\",\"target\":{\"@type\":\"EntryPoint\",\"urlTemplate\":\"https:\\\/\\\/ictcluster.pl\\\/?s={search_term_string}\"},\"query-input\":{\"@type\":\"PropertyValueSpecification\",\"valueRequired\":true,\"valueName\":\"search_term_string\"}}],\"inLanguage\":\"en-GB\"},{\"@type\":\"Organization\",\"@id\":\"https:\\\/\\\/ictcluster.pl\\\/#organization\",\"name\":\"\u0141\u00f3dzki Klaster ICT\",\"url\":\"https:\\\/\\\/ictcluster.pl\\\/\",\"logo\":{\"@type\":\"ImageObject\",\"inLanguage\":\"en-GB\",\"@id\":\"https:\\\/\\\/ictcluster.pl\\\/#\\\/schema\\\/logo\\\/image\\\/\",\"url\":\"https:\\\/\\\/ictcluster.pl\\\/wp-content\\\/uploads\\\/2023\\\/01\\\/lodzki-klaster-ict.png\",\"contentUrl\":\"https:\\\/\\\/ictcluster.pl\\\/wp-content\\\/uploads\\\/2023\\\/01\\\/lodzki-klaster-ict.png\",\"width\":2694,\"height\":982,\"caption\":\"\u0141\u00f3dzki Klaster ICT\"},\"image\":{\"@id\":\"https:\\\/\\\/ictcluster.pl\\\/#\\\/schema\\\/logo\\\/image\\\/\"},\"sameAs\":[\"https:\\\/\\\/www.facebook.com\\\/KlasterICTLodz\"]}]}<\/script>\n<!-- \/ Yoast SEO plugin. -->","yoast_head_json":{"title":"Aktywno\u015bci - Copy - \u0141\u00f3dzki Klaster ICT","robots":{"index":"index","follow":"follow","max-snippet":"max-snippet:-1","max-image-preview":"max-image-preview:large","max-video-preview":"max-video-preview:-1"},"canonical":"https:\/\/ictcluster.pl\/en\/rekomendacje\/","og_locale":"en_GB","og_type":"article","og_title":"Aktywno\u015bci - Copy - \u0141\u00f3dzki Klaster ICT","og_description":"Rekomendacje przedmiot\u00f3w \u0141\u00f3dzkiego Klastra ICT kszta\u0142cenie Program \u201cRekomendacje przedmiot\u00f3w\u201d zosta\u0142 stworzony przez Zesp\u00f3\u0142 Zadaniowy ds. Kszta\u0142cenia \u0141\u00f3dzkiego Klastra ICT. Jest to program...","og_url":"https:\/\/ictcluster.pl\/en\/rekomendacje\/","og_site_name":"\u0141\u00f3dzki Klaster ICT","article_publisher":"https:\/\/www.facebook.com\/KlasterICTLodz","article_modified_time":"2024-02-16T09:29:02+00:00","og_image":[{"width":917,"height":917,"url":"https:\/\/ictcluster.pl\/wp-content\/uploads\/2024\/02\/rekomendacje-logo-1.png","type":"image\/png"}],"twitter_card":"summary_large_image","twitter_misc":{"Estimated reading time":"1 minute"},"schema":{"@context":"https:\/\/schema.org","@graph":[{"@type":"WebPage","@id":"https:\/\/ictcluster.pl\/rekomendacje\/","url":"https:\/\/ictcluster.pl\/rekomendacje\/","name":"Aktywno\u015bci - Copy - \u0141\u00f3dzki Klaster ICT","isPartOf":{"@id":"https:\/\/ictcluster.pl\/#website"},"primaryImageOfPage":{"@id":"https:\/\/ictcluster.pl\/rekomendacje\/#primaryimage"},"image":{"@id":"https:\/\/ictcluster.pl\/rekomendacje\/#primaryimage"},"thumbnailUrl":"https:\/\/ictcluster.pl\/wp-content\/uploads\/2024\/02\/rekomendacje-logo-1-300x300.png","datePublished":"2024-02-16T09:12:03+00:00","dateModified":"2024-02-16T09:29:02+00:00","breadcrumb":{"@id":"https:\/\/ictcluster.pl\/rekomendacje\/#breadcrumb"},"inLanguage":"en-GB","potentialAction":[{"@type":"ReadAction","target":["https:\/\/ictcluster.pl\/rekomendacje\/"]}]},{"@type":"ImageObject","inLanguage":"en-GB","@id":"https:\/\/ictcluster.pl\/rekomendacje\/#primaryimage","url":"https:\/\/ictcluster.pl\/wp-content\/uploads\/2024\/02\/rekomendacje-logo-1-300x300.png","contentUrl":"https:\/\/ictcluster.pl\/wp-content\/uploads\/2024\/02\/rekomendacje-logo-1-300x300.png"},{"@type":"BreadcrumbList","@id":"https:\/\/ictcluster.pl\/rekomendacje\/#breadcrumb","itemListElement":[{"@type":"ListItem","position":1,"name":"Strona g\u0142\u00f3wna","item":"https:\/\/ictcluster.pl\/"},{"@type":"ListItem","position":2,"name":"Aktywno\u015bci &#8211; Copy"}]},{"@type":"WebSite","@id":"https:\/\/ictcluster.pl\/#website","url":"https:\/\/ictcluster.pl\/","name":"Lodz ICT Cluster","description":"","publisher":{"@id":"https:\/\/ictcluster.pl\/#organization"},"potentialAction":[{"@type":"SearchAction","target":{"@type":"EntryPoint","urlTemplate":"https:\/\/ictcluster.pl\/?s={search_term_string}"},"query-input":{"@type":"PropertyValueSpecification","valueRequired":true,"valueName":"search_term_string"}}],"inLanguage":"en-GB"},{"@type":"Organization","@id":"https:\/\/ictcluster.pl\/#organization","name":"Lodz ICT Cluster","url":"https:\/\/ictcluster.pl\/","logo":{"@type":"ImageObject","inLanguage":"en-GB","@id":"https:\/\/ictcluster.pl\/#\/schema\/logo\/image\/","url":"https:\/\/ictcluster.pl\/wp-content\/uploads\/2023\/01\/lodzki-klaster-ict.png","contentUrl":"https:\/\/ictcluster.pl\/wp-content\/uploads\/2023\/01\/lodzki-klaster-ict.png","width":2694,"height":982,"caption":"\u0141\u00f3dzki Klaster ICT"},"image":{"@id":"https:\/\/ictcluster.pl\/#\/schema\/logo\/image\/"},"sameAs":["https:\/\/www.facebook.com\/KlasterICTLodz"]}]}},"_links":{"self":[{"href":"https:\/\/ictcluster.pl\/en\/wp-json\/wp\/v2\/pages\/2843","targetHints":{"allow":["GET"]}}],"collection":[{"href":"https:\/\/ictcluster.pl\/en\/wp-json\/wp\/v2\/pages"}],"about":[{"href":"https:\/\/ictcluster.pl\/en\/wp-json\/wp\/v2\/types\/page"}],"author":[{"embeddable":true,"href":"https:\/\/ictcluster.pl\/en\/wp-json\/wp\/v2\/users\/2"}],"replies":[{"embeddable":true,"href":"https:\/\/ictcluster.pl\/en\/wp-json\/wp\/v2\/comments?post=2843"}],"version-history":[{"count":7,"href":"https:\/\/ictcluster.pl\/en\/wp-json\/wp\/v2\/pages\/2843\/revisions"}],"predecessor-version":[{"id":2854,"href":"https:\/\/ictcluster.pl\/en\/wp-json\/wp\/v2\/pages\/2843\/revisions\/2854"}],"wp:attachment":[{"href":"https:\/\/ictcluster.pl\/en\/wp-json\/wp\/v2\/media?parent=2843"}],"curies":[{"name":"wp","href":"https:\/\/api.w.org\/{rel}","templated":true}]}}