{"id":2507,"date":"2023-09-01T12:17:09","date_gmt":"2023-09-01T10:17:09","guid":{"rendered":"https:\/\/ictcluster.pl\/?page_id=2507"},"modified":"2026-04-02T14:59:44","modified_gmt":"2026-04-02T12:59:44","slug":"struktura","status":"publish","type":"page","link":"https:\/\/ictcluster.pl\/en\/struktura\/","title":{"rendered":"Structure"},"content":{"rendered":"<div data-elementor-type=\"wp-page\" data-elementor-id=\"2507\" class=\"elementor elementor-2507\">\n\t\t\t\t\t\t<section class=\"elementor-section elementor-top-section elementor-element elementor-element-2b5663b elementor-section-content-middle elementor-section-boxed elementor-section-height-default elementor-section-height-default\" data-id=\"2b5663b\" data-element_type=\"section\">\n\t\t\t\t\t\t<div class=\"elementor-container elementor-column-gap-default\">\n\t\t\t\t\t<div class=\"elementor-column elementor-col-100 elementor-top-column elementor-element elementor-element-4268857\" data-id=\"4268857\" data-element_type=\"column\">\n\t\t\t<div class=\"elementor-widget-wrap elementor-element-populated\">\n\t\t\t\t\t\t<div class=\"elementor-element elementor-element-344bd04 elementor-widget elementor-widget-heading\" data-id=\"344bd04\" data-element_type=\"widget\" data-widget_type=\"heading.default\">\n\t\t\t\t<div class=\"elementor-widget-container\">\n\t\t\t\t\t<h2 class=\"elementor-heading-title elementor-size-default\">Cluster management structure<\/h2>\t\t\t\t<\/div>\n\t\t\t\t<\/div>\n\t\t\t\t\t<\/div>\n\t\t<\/div>\n\t\t\t\t\t<\/div>\n\t\t<\/section>\n\t\t\t\t<section class=\"elementor-section elementor-top-section elementor-element elementor-element-0ffc475 elementor-section-boxed elementor-section-height-default elementor-section-height-default\" data-id=\"0ffc475\" data-element_type=\"section\">\n\t\t\t\t\t\t<div class=\"elementor-container elementor-column-gap-default\">\n\t\t\t\t\t<div class=\"elementor-column elementor-col-100 elementor-top-column elementor-element elementor-element-1d5c50c\" data-id=\"1d5c50c\" data-element_type=\"column\">\n\t\t\t<div class=\"elementor-widget-wrap elementor-element-populated\">\n\t\t\t\t\t\t<div class=\"elementor-element elementor-element-d2cfdf0 elementor-widget elementor-widget-heading\" data-id=\"d2cfdf0\" data-element_type=\"widget\" data-widget_type=\"heading.default\">\n\t\t\t\t<div class=\"elementor-widget-container\">\n\t\t\t\t\t<h2 class=\"elementor-heading-title elementor-size-default\">Cluster Steering Committee<\/h2>\t\t\t\t<\/div>\n\t\t\t\t<\/div>\n\t\t\t\t<section class=\"elementor-section elementor-inner-section elementor-element elementor-element-ee943bb elementor-section-boxed elementor-section-height-default elementor-section-height-default\" data-id=\"ee943bb\" data-element_type=\"section\">\n\t\t\t\t\t\t<div class=\"elementor-container elementor-column-gap-default\">\n\t\t\t\t\t<div class=\"elementor-column elementor-col-50 elementor-inner-column elementor-element elementor-element-65e8b9d\" data-id=\"65e8b9d\" data-element_type=\"column\">\n\t\t\t<div class=\"elementor-widget-wrap elementor-element-populated\">\n\t\t\t\t\t\t<div class=\"elementor-element elementor-element-28bafc8 elementor-position-top elementor-widget elementor-widget-image-box\" data-id=\"28bafc8\" data-element_type=\"widget\" data-widget_type=\"image-box.default\">\n\t\t\t\t<div class=\"elementor-widget-container\">\n\t\t\t\t\t<div class=\"elementor-image-box-wrapper\"><figure class=\"elementor-image-box-img\"><img decoding=\"async\" width=\"149\" height=\"149\" src=\"https:\/\/ictcluster.pl\/wp-content\/uploads\/2023\/05\/prof.-pawel-strumillo_3x4_0_0.jpg\" class=\"attachment-full size-full wp-image-1712\" alt=\"\" \/><\/figure><div class=\"elementor-image-box-content\"><h3 class=\"elementor-image-box-title\">prof. Pawe\u0142 Strumi\u0142\u0142o<\/h3><p class=\"elementor-image-box-description\"><b>Chairman of the Board of the Lodz ICT Cluster<\/b><br>Dyrektor Instytutu Elektroniki Politechniki \u0141\u00f3dzkiej<br>e-mail: pawel.strumillo@ictcluster.pl\n<br>\n<\/p><\/div><\/div>\t\t\t\t<\/div>\n\t\t\t\t<\/div>\n\t\t\t\t\t<\/div>\n\t\t<\/div>\n\t\t\t\t<div class=\"elementor-column elementor-col-50 elementor-inner-column elementor-element elementor-element-71f6e60\" data-id=\"71f6e60\" data-element_type=\"column\">\n\t\t\t<div class=\"elementor-widget-wrap elementor-element-populated\">\n\t\t\t\t\t\t<div class=\"elementor-element elementor-element-827cf50 elementor-position-top elementor-widget elementor-widget-image-box\" data-id=\"827cf50\" data-element_type=\"widget\" data-widget_type=\"image-box.default\">\n\t\t\t\t<div class=\"elementor-widget-container\">\n\t\t\t\t\t<div class=\"elementor-image-box-wrapper\"><figure class=\"elementor-image-box-img\"><img fetchpriority=\"high\" decoding=\"async\" width=\"250\" height=\"250\" src=\"https:\/\/ictcluster.pl\/wp-content\/uploads\/2023\/06\/Grzegorz-Trzcinski-250x250-1.jpg\" class=\"attachment-full size-full wp-image-2129\" alt=\"\" srcset=\"https:\/\/ictcluster.pl\/wp-content\/uploads\/2023\/06\/Grzegorz-Trzcinski-250x250-1.jpg 250w, https:\/\/ictcluster.pl\/wp-content\/uploads\/2023\/06\/Grzegorz-Trzcinski-250x250-1-150x150.jpg 150w, https:\/\/ictcluster.pl\/wp-content\/uploads\/2023\/06\/Grzegorz-Trzcinski-250x250-1-230x230.jpg 230w\" sizes=\"(max-width: 250px) 100vw, 250px\" \/><\/figure><div class=\"elementor-image-box-content\"><h3 class=\"elementor-image-box-title\">Grzegorz Trzci\u0144ski<\/h3><p class=\"elementor-image-box-description\"><b>Chairman of the Cluster Steering Committee<\/b><br>Atos Poland Global Services\n<br>e-mail: grzegorz.trzcinski@ictcluster.pl<br><\/p><\/div><\/div>\t\t\t\t<\/div>\n\t\t\t\t<\/div>\n\t\t\t\t\t<\/div>\n\t\t<\/div>\n\t\t\t\t\t<\/div>\n\t\t<\/section>\n\t\t\t\t<section class=\"elementor-section elementor-inner-section elementor-element elementor-element-ee40693 elementor-section-boxed elementor-section-height-default elementor-section-height-default\" data-id=\"ee40693\" data-element_type=\"section\">\n\t\t\t\t\t\t<div class=\"elementor-container elementor-column-gap-default\">\n\t\t\t\t\t<div class=\"elementor-column elementor-col-33 elementor-inner-column elementor-element elementor-element-1976fbe\" data-id=\"1976fbe\" data-element_type=\"column\">\n\t\t\t<div class=\"elementor-widget-wrap elementor-element-populated\">\n\t\t\t\t\t\t<div class=\"elementor-element elementor-element-3c8431c elementor-position-top elementor-widget elementor-widget-image-box\" data-id=\"3c8431c\" data-element_type=\"widget\" data-widget_type=\"image-box.default\">\n\t\t\t\t<div class=\"elementor-widget-container\">\n\t\t\t\t\t<div class=\"elementor-image-box-wrapper\"><figure class=\"elementor-image-box-img\"><img decoding=\"async\" src=\"https:\/\/ictcluster.pl\/wp-content\/uploads\/elementor\/thumbs\/1516240371667-qbron012vxeia4mzb71llxfwrfqqh9ttr099o14gzk.jpg\" title=\"1516240371667\" alt=\"1516240371667\" loading=\"lazy\" \/><\/figure><div class=\"elementor-image-box-content\"><h3 class=\"elementor-image-box-title\">Adam W\u0142odarczyk<\/h3><p class=\"elementor-image-box-description\"><span style=\"font-weight: 700;\">Chairman of the<\/span><br><span style=\"font-weight: 700;\">Education Task Force<\/span>\n<br>Commerzbank<br>e-mail: adam.wlodarczyk@ictcluster.pl\n<\/p><\/div><\/div>\t\t\t\t<\/div>\n\t\t\t\t<\/div>\n\t\t\t\t\t<\/div>\n\t\t<\/div>\n\t\t\t\t<div class=\"elementor-column elementor-col-33 elementor-inner-column elementor-element elementor-element-12b1a00\" data-id=\"12b1a00\" data-element_type=\"column\">\n\t\t\t<div class=\"elementor-widget-wrap elementor-element-populated\">\n\t\t\t\t\t\t<div class=\"elementor-element elementor-element-34833b6 elementor-position-top elementor-widget elementor-widget-image-box\" data-id=\"34833b6\" data-element_type=\"widget\" data-widget_type=\"image-box.default\">\n\t\t\t\t<div class=\"elementor-widget-container\">\n\t\t\t\t\t<div class=\"elementor-image-box-wrapper\"><figure class=\"elementor-image-box-img\"><img decoding=\"async\" src=\"https:\/\/ictcluster.pl\/wp-content\/uploads\/elementor\/thumbs\/mostrowska-r40652ng0u8reewzpff4aot53c1t68tkfohon7be9s.jpg\" title=\"mostrowska\" alt=\"mostrowska\" loading=\"lazy\" \/><\/figure><div class=\"elementor-image-box-content\"><h3 class=\"elementor-image-box-title\">Marta Ostrowska<\/h3><p class=\"elementor-image-box-description\"><span style=\"font-weight: 700;\">Chairman of The Promotional<\/span><br><span style=\"font-weight: 700;\">Task Force<\/span><br>Media4U<br>e-mail: marta.ostrowska@ictcluster.pl\n<\/p><\/div><\/div>\t\t\t\t<\/div>\n\t\t\t\t<\/div>\n\t\t\t\t\t<\/div>\n\t\t<\/div>\n\t\t\t\t<div class=\"elementor-column elementor-col-33 elementor-inner-column elementor-element elementor-element-deb0e33\" data-id=\"deb0e33\" data-element_type=\"column\">\n\t\t\t<div class=\"elementor-widget-wrap elementor-element-populated\">\n\t\t\t\t\t\t<div class=\"elementor-element elementor-element-dcbee99 elementor-position-top elementor-widget elementor-widget-image-box\" data-id=\"dcbee99\" data-element_type=\"widget\" data-widget_type=\"image-box.default\">\n\t\t\t\t<div class=\"elementor-widget-container\">\n\t\t\t\t\t<div class=\"elementor-image-box-wrapper\"><figure class=\"elementor-image-box-img\"><img decoding=\"async\" src=\"https:\/\/ictcluster.pl\/wp-content\/uploads\/elementor\/thumbs\/bartek-r03503zsh4czbenhskwi1bhgwqfndry5xpitiajh8g.png\" title=\"bartek\" alt=\"bartek\" loading=\"lazy\" \/><\/figure><div class=\"elementor-image-box-content\"><h3 class=\"elementor-image-box-title\">Bartek Szyma\u0144ski<\/h3><p class=\"elementor-image-box-description\"><span style=\"font-weight: 700;\">Chairman of the <br>Business Cooperation Task Force<\/span><br>Idemia<br>e-mail: bartek.szymanski@ictcluster.pl<br><\/p><\/div><\/div>\t\t\t\t<\/div>\n\t\t\t\t<\/div>\n\t\t\t\t\t<\/div>\n\t\t<\/div>\n\t\t\t\t\t<\/div>\n\t\t<\/section>\n\t\t\t\t<section class=\"elementor-section elementor-inner-section elementor-element elementor-element-196a00c elementor-section-boxed elementor-section-height-default elementor-section-height-default\" data-id=\"196a00c\" data-element_type=\"section\">\n\t\t\t\t\t\t<div class=\"elementor-container elementor-column-gap-default\">\n\t\t\t\t\t<div class=\"elementor-column elementor-col-33 elementor-inner-column elementor-element elementor-element-f702570\" data-id=\"f702570\" data-element_type=\"column\">\n\t\t\t<div class=\"elementor-widget-wrap elementor-element-populated\">\n\t\t\t\t\t\t<div class=\"elementor-element elementor-element-e86ce4d elementor-position-top elementor-widget elementor-widget-image-box\" data-id=\"e86ce4d\" data-element_type=\"widget\" data-widget_type=\"image-box.default\">\n\t\t\t\t<div class=\"elementor-widget-container\">\n\t\t\t\t\t<div class=\"elementor-image-box-wrapper\"><figure class=\"elementor-image-box-img\"><img decoding=\"async\" src=\"https:\/\/ictcluster.pl\/wp-content\/uploads\/elementor\/thumbs\/1528454651838-qbrojrh3cgyyahca7snv0qur3np7ysz3yzd25pxaf4.jpg\" title=\"1528454651838\" alt=\"1528454651838\" loading=\"lazy\" \/><\/figure><div class=\"elementor-image-box-content\"><h3 class=\"elementor-image-box-title\">Milena Szyma\u0144ska<\/h3><p class=\"elementor-image-box-description\"><b>Member of the Steering Committee<\/b><br>Transition Technologies PSC<br>e-mail: milena.szymanska@ictcluster.pl<\/p><\/div><\/div>\t\t\t\t<\/div>\n\t\t\t\t<\/div>\n\t\t\t\t\t<\/div>\n\t\t<\/div>\n\t\t\t\t<div class=\"elementor-column elementor-col-33 elementor-inner-column elementor-element elementor-element-f0273ae\" data-id=\"f0273ae\" data-element_type=\"column\">\n\t\t\t<div class=\"elementor-widget-wrap elementor-element-populated\">\n\t\t\t\t\t\t<div class=\"elementor-element elementor-element-31dee91 elementor-position-top elementor-widget elementor-widget-image-box\" data-id=\"31dee91\" data-element_type=\"widget\" data-widget_type=\"image-box.default\">\n\t\t\t\t<div class=\"elementor-widget-container\">\n\t\t\t\t\t<div class=\"elementor-image-box-wrapper\"><figure class=\"elementor-image-box-img\"><img decoding=\"async\" src=\"https:\/\/ictcluster.pl\/wp-content\/uploads\/elementor\/thumbs\/malgorzata.wrzesien-r0351r7mfom1mu9h6shzwejic0bruph95umeqq3ocg.png\" title=\"malgorzata.wrzesien\" alt=\"malgorzata.wrzesien\" loading=\"lazy\" \/><\/figure><div class=\"elementor-image-box-content\"><h3 class=\"elementor-image-box-title\">prof. Ma\u0142gorzata Wrzesie\u0144<\/h3><p class=\"elementor-image-box-description\"><b>Member of the Steering Committee<\/b><br>University of Lodz<br>e-mail: malgorzata.wrzesien@ictcluster.pl<\/p><\/div><\/div>\t\t\t\t<\/div>\n\t\t\t\t<\/div>\n\t\t\t\t\t<\/div>\n\t\t<\/div>\n\t\t\t\t<div class=\"elementor-column elementor-col-33 elementor-inner-column elementor-element elementor-element-5145f69\" data-id=\"5145f69\" data-element_type=\"column\">\n\t\t\t<div class=\"elementor-widget-wrap elementor-element-populated\">\n\t\t\t\t\t\t<div class=\"elementor-element elementor-element-74dc533 elementor-position-top elementor-widget elementor-widget-image-box\" data-id=\"74dc533\" data-element_type=\"widget\" data-widget_type=\"image-box.default\">\n\t\t\t\t<div class=\"elementor-widget-container\">\n\t\t\t\t\t<div class=\"elementor-image-box-wrapper\"><figure class=\"elementor-image-box-img\"><img decoding=\"async\" src=\"https:\/\/ictcluster.pl\/wp-content\/uploads\/elementor\/thumbs\/AO-r0hd2notgxv637fzzijhdxb6a6wcictms8u9obgcu8.jpg\" title=\"AO\" alt=\"AO\" loading=\"lazy\" \/><\/figure><div class=\"elementor-image-box-content\"><h3 class=\"elementor-image-box-title\">Adam Owczarek<\/h3><p class=\"elementor-image-box-description\"><b>Member of the Steering Committee<\/b><br>Lodz University of Technology<br>\ne-mail: adam.owczarek@ictcluster.pl<br><br><\/p><\/div><\/div>\t\t\t\t<\/div>\n\t\t\t\t<\/div>\n\t\t\t\t\t<\/div>\n\t\t<\/div>\n\t\t\t\t\t<\/div>\n\t\t<\/section>\n\t\t\t\t\t<\/div>\n\t\t<\/div>\n\t\t\t\t\t<\/div>\n\t\t<\/section>\n\t\t\t\t<section class=\"elementor-section elementor-top-section elementor-element elementor-element-7686b4e elementor-section-content-middle elementor-section-boxed elementor-section-height-default elementor-section-height-default\" data-id=\"7686b4e\" data-element_type=\"section\" data-settings=\"{&quot;background_background&quot;:&quot;classic&quot;}\">\n\t\t\t\t\t\t<div class=\"elementor-container elementor-column-gap-default\">\n\t\t\t\t\t<div class=\"elementor-column elementor-col-50 elementor-top-column elementor-element elementor-element-a851e9a\" data-id=\"a851e9a\" data-element_type=\"column\">\n\t\t\t<div class=\"elementor-widget-wrap elementor-element-populated\">\n\t\t\t\t\t\t<div class=\"elementor-element elementor-element-0ab9a9a elementor-widget elementor-widget-heading\" data-id=\"0ab9a9a\" data-element_type=\"widget\" data-widget_type=\"heading.default\">\n\t\t\t\t<div class=\"elementor-widget-container\">\n\t\t\t\t\t<h2 class=\"elementor-heading-title elementor-size-default\">Do you want to join<br>Lodz ICT Cluster?<\/h2>\t\t\t\t<\/div>\n\t\t\t\t<\/div>\n\t\t\t\t\t<\/div>\n\t\t<\/div>\n\t\t\t\t<div class=\"elementor-column elementor-col-50 elementor-top-column elementor-element elementor-element-f3ae82a\" data-id=\"f3ae82a\" data-element_type=\"column\">\n\t\t\t<div class=\"elementor-widget-wrap elementor-element-populated\">\n\t\t\t\t\t\t<div class=\"elementor-element elementor-element-957a20d elementor-align-right elementor-mobile-align-center elementor-widget elementor-widget-button\" data-id=\"957a20d\" data-element_type=\"widget\" data-widget_type=\"button.default\">\n\t\t\t\t<div class=\"elementor-widget-container\">\n\t\t\t\t\t\t\t\t\t<div class=\"elementor-button-wrapper\">\n\t\t\t\t\t<a class=\"elementor-button elementor-button-link elementor-size-sm\" href=\"https:\/\/ictcluster.pl\/en\/kontakt\/\">\n\t\t\t\t\t\t<span class=\"elementor-button-content-wrapper\">\n\t\t\t\t\t\t\t\t\t<span class=\"elementor-button-text\">Contact Us<\/span>\n\t\t\t\t\t<\/span>\n\t\t\t\t\t<\/a>\n\t\t\t\t<\/div>\n\t\t\t\t\t\t\t\t<\/div>\n\t\t\t\t<\/div>\n\t\t\t\t\t<\/div>\n\t\t<\/div>\n\t\t\t\t\t<\/div>\n\t\t<\/section>\n\t\t\t\t<\/div>","protected":false},"excerpt":{"rendered":"<p>Struktura zarz\u0105dcza klastra Komitet Steruj\u0105cy Klastra prof. Pawe\u0142 Strumi\u0142\u0142o Przewodnicz\u0105cy Rady \u0141\u00f3dzkiego Klastra ICTDyrektor Instytutu Elektroniki Politechniki \u0141\u00f3dzkieje-mail: pawel.strumillo@ictcluster.pl Grzegorz Trzci\u0144ski Przewodnicz\u0105cy&#8230;<\/p>","protected":false},"author":2,"featured_media":0,"parent":0,"menu_order":0,"comment_status":"closed","ping_status":"closed","template":"page-templates\/page_front-page.php","meta":{"ub_ctt_via":"","footnotes":""},"class_list":["post-2507","page","type-page","status-publish","hentry"],"featured_image_src":null,"yoast_head":"<!-- This site is optimized with the Yoast SEO plugin v27.4 - https:\/\/yoast.com\/product\/yoast-seo-wordpress\/ -->\n<title>Struktura - \u0141\u00f3dzki Klaster ICT<\/title>\n<meta name=\"robots\" content=\"index, follow, max-snippet:-1, max-image-preview:large, max-video-preview:-1\" \/>\n<link rel=\"canonical\" href=\"https:\/\/ictcluster.pl\/en\/struktura\/\" \/>\n<meta property=\"og:locale\" content=\"en_GB\" \/>\n<meta property=\"og:type\" content=\"article\" \/>\n<meta property=\"og:title\" content=\"Struktura - \u0141\u00f3dzki Klaster ICT\" \/>\n<meta property=\"og:description\" content=\"Struktura zarz\u0105dcza klastra Komitet Steruj\u0105cy Klastra prof. Pawe\u0142 Strumi\u0142\u0142o Przewodnicz\u0105cy Rady \u0141\u00f3dzkiego Klastra ICTDyrektor Instytutu Elektroniki Politechniki \u0141\u00f3dzkieje-mail: pawel.strumillo@ictcluster.pl Grzegorz Trzci\u0144ski Przewodnicz\u0105cy...\" \/>\n<meta property=\"og:url\" content=\"https:\/\/ictcluster.pl\/en\/struktura\/\" \/>\n<meta property=\"og:site_name\" content=\"\u0141\u00f3dzki Klaster ICT\" \/>\n<meta property=\"article:publisher\" content=\"https:\/\/www.facebook.com\/KlasterICTLodz\" \/>\n<meta property=\"article:modified_time\" content=\"2026-04-02T12:59:44+00:00\" \/>\n<meta property=\"og:image\" content=\"https:\/\/ictcluster.pl\/wp-content\/uploads\/2023\/05\/prof.-pawel-strumillo_3x4_0_0.jpg\" \/>\n\t<meta property=\"og:image:width\" content=\"149\" \/>\n\t<meta property=\"og:image:height\" content=\"149\" \/>\n\t<meta property=\"og:image:type\" content=\"image\/jpeg\" \/>\n<meta name=\"twitter:card\" content=\"summary_large_image\" \/>\n<meta name=\"twitter:label1\" content=\"Estimated reading time\" \/>\n\t<meta name=\"twitter:data1\" content=\"3 minutes\" \/>\n<script type=\"application\/ld+json\" class=\"yoast-schema-graph\">{\"@context\":\"https:\\\/\\\/schema.org\",\"@graph\":[{\"@type\":\"WebPage\",\"@id\":\"https:\\\/\\\/ictcluster.pl\\\/struktura\\\/\",\"url\":\"https:\\\/\\\/ictcluster.pl\\\/struktura\\\/\",\"name\":\"Struktura - \u0141\u00f3dzki Klaster ICT\",\"isPartOf\":{\"@id\":\"https:\\\/\\\/ictcluster.pl\\\/#website\"},\"primaryImageOfPage\":{\"@id\":\"https:\\\/\\\/ictcluster.pl\\\/struktura\\\/#primaryimage\"},\"image\":{\"@id\":\"https:\\\/\\\/ictcluster.pl\\\/struktura\\\/#primaryimage\"},\"thumbnailUrl\":\"https:\\\/\\\/ictcluster.pl\\\/wp-content\\\/uploads\\\/2023\\\/05\\\/prof.-pawel-strumillo_3x4_0_0.jpg\",\"datePublished\":\"2023-09-01T10:17:09+00:00\",\"dateModified\":\"2026-04-02T12:59:44+00:00\",\"breadcrumb\":{\"@id\":\"https:\\\/\\\/ictcluster.pl\\\/struktura\\\/#breadcrumb\"},\"inLanguage\":\"en-GB\",\"potentialAction\":[{\"@type\":\"ReadAction\",\"target\":[\"https:\\\/\\\/ictcluster.pl\\\/struktura\\\/\"]}]},{\"@type\":\"ImageObject\",\"inLanguage\":\"en-GB\",\"@id\":\"https:\\\/\\\/ictcluster.pl\\\/struktura\\\/#primaryimage\",\"url\":\"https:\\\/\\\/ictcluster.pl\\\/wp-content\\\/uploads\\\/2023\\\/05\\\/prof.-pawel-strumillo_3x4_0_0.jpg\",\"contentUrl\":\"https:\\\/\\\/ictcluster.pl\\\/wp-content\\\/uploads\\\/2023\\\/05\\\/prof.-pawel-strumillo_3x4_0_0.jpg\"},{\"@type\":\"BreadcrumbList\",\"@id\":\"https:\\\/\\\/ictcluster.pl\\\/struktura\\\/#breadcrumb\",\"itemListElement\":[{\"@type\":\"ListItem\",\"position\":1,\"name\":\"Strona g\u0142\u00f3wna\",\"item\":\"https:\\\/\\\/ictcluster.pl\\\/\"},{\"@type\":\"ListItem\",\"position\":2,\"name\":\"Struktura\"}]},{\"@type\":\"WebSite\",\"@id\":\"https:\\\/\\\/ictcluster.pl\\\/#website\",\"url\":\"https:\\\/\\\/ictcluster.pl\\\/\",\"name\":\"\u0141\u00f3dzki Klaster ICT\",\"description\":\"\",\"publisher\":{\"@id\":\"https:\\\/\\\/ictcluster.pl\\\/#organization\"},\"potentialAction\":[{\"@type\":\"SearchAction\",\"target\":{\"@type\":\"EntryPoint\",\"urlTemplate\":\"https:\\\/\\\/ictcluster.pl\\\/?s={search_term_string}\"},\"query-input\":{\"@type\":\"PropertyValueSpecification\",\"valueRequired\":true,\"valueName\":\"search_term_string\"}}],\"inLanguage\":\"en-GB\"},{\"@type\":\"Organization\",\"@id\":\"https:\\\/\\\/ictcluster.pl\\\/#organization\",\"name\":\"\u0141\u00f3dzki Klaster ICT\",\"url\":\"https:\\\/\\\/ictcluster.pl\\\/\",\"logo\":{\"@type\":\"ImageObject\",\"inLanguage\":\"en-GB\",\"@id\":\"https:\\\/\\\/ictcluster.pl\\\/#\\\/schema\\\/logo\\\/image\\\/\",\"url\":\"https:\\\/\\\/ictcluster.pl\\\/wp-content\\\/uploads\\\/2023\\\/01\\\/lodzki-klaster-ict.png\",\"contentUrl\":\"https:\\\/\\\/ictcluster.pl\\\/wp-content\\\/uploads\\\/2023\\\/01\\\/lodzki-klaster-ict.png\",\"width\":2694,\"height\":982,\"caption\":\"\u0141\u00f3dzki Klaster ICT\"},\"image\":{\"@id\":\"https:\\\/\\\/ictcluster.pl\\\/#\\\/schema\\\/logo\\\/image\\\/\"},\"sameAs\":[\"https:\\\/\\\/www.facebook.com\\\/KlasterICTLodz\"]}]}<\/script>\n<!-- \/ Yoast SEO plugin. -->","yoast_head_json":{"title":"Struktura - \u0141\u00f3dzki Klaster ICT","robots":{"index":"index","follow":"follow","max-snippet":"max-snippet:-1","max-image-preview":"max-image-preview:large","max-video-preview":"max-video-preview:-1"},"canonical":"https:\/\/ictcluster.pl\/en\/struktura\/","og_locale":"en_GB","og_type":"article","og_title":"Struktura - \u0141\u00f3dzki Klaster ICT","og_description":"Struktura zarz\u0105dcza klastra Komitet Steruj\u0105cy Klastra prof. Pawe\u0142 Strumi\u0142\u0142o Przewodnicz\u0105cy Rady \u0141\u00f3dzkiego Klastra ICTDyrektor Instytutu Elektroniki Politechniki \u0141\u00f3dzkieje-mail: pawel.strumillo@ictcluster.pl Grzegorz Trzci\u0144ski Przewodnicz\u0105cy...","og_url":"https:\/\/ictcluster.pl\/en\/struktura\/","og_site_name":"\u0141\u00f3dzki Klaster ICT","article_publisher":"https:\/\/www.facebook.com\/KlasterICTLodz","article_modified_time":"2026-04-02T12:59:44+00:00","og_image":[{"width":149,"height":149,"url":"https:\/\/ictcluster.pl\/wp-content\/uploads\/2023\/05\/prof.-pawel-strumillo_3x4_0_0.jpg","type":"image\/jpeg"}],"twitter_card":"summary_large_image","twitter_misc":{"Estimated reading time":"3 minutes"},"schema":{"@context":"https:\/\/schema.org","@graph":[{"@type":"WebPage","@id":"https:\/\/ictcluster.pl\/struktura\/","url":"https:\/\/ictcluster.pl\/struktura\/","name":"Struktura - \u0141\u00f3dzki Klaster ICT","isPartOf":{"@id":"https:\/\/ictcluster.pl\/#website"},"primaryImageOfPage":{"@id":"https:\/\/ictcluster.pl\/struktura\/#primaryimage"},"image":{"@id":"https:\/\/ictcluster.pl\/struktura\/#primaryimage"},"thumbnailUrl":"https:\/\/ictcluster.pl\/wp-content\/uploads\/2023\/05\/prof.-pawel-strumillo_3x4_0_0.jpg","datePublished":"2023-09-01T10:17:09+00:00","dateModified":"2026-04-02T12:59:44+00:00","breadcrumb":{"@id":"https:\/\/ictcluster.pl\/struktura\/#breadcrumb"},"inLanguage":"en-GB","potentialAction":[{"@type":"ReadAction","target":["https:\/\/ictcluster.pl\/struktura\/"]}]},{"@type":"ImageObject","inLanguage":"en-GB","@id":"https:\/\/ictcluster.pl\/struktura\/#primaryimage","url":"https:\/\/ictcluster.pl\/wp-content\/uploads\/2023\/05\/prof.-pawel-strumillo_3x4_0_0.jpg","contentUrl":"https:\/\/ictcluster.pl\/wp-content\/uploads\/2023\/05\/prof.-pawel-strumillo_3x4_0_0.jpg"},{"@type":"BreadcrumbList","@id":"https:\/\/ictcluster.pl\/struktura\/#breadcrumb","itemListElement":[{"@type":"ListItem","position":1,"name":"Strona g\u0142\u00f3wna","item":"https:\/\/ictcluster.pl\/"},{"@type":"ListItem","position":2,"name":"Struktura"}]},{"@type":"WebSite","@id":"https:\/\/ictcluster.pl\/#website","url":"https:\/\/ictcluster.pl\/","name":"Lodz ICT Cluster","description":"","publisher":{"@id":"https:\/\/ictcluster.pl\/#organization"},"potentialAction":[{"@type":"SearchAction","target":{"@type":"EntryPoint","urlTemplate":"https:\/\/ictcluster.pl\/?s={search_term_string}"},"query-input":{"@type":"PropertyValueSpecification","valueRequired":true,"valueName":"search_term_string"}}],"inLanguage":"en-GB"},{"@type":"Organization","@id":"https:\/\/ictcluster.pl\/#organization","name":"Lodz ICT Cluster","url":"https:\/\/ictcluster.pl\/","logo":{"@type":"ImageObject","inLanguage":"en-GB","@id":"https:\/\/ictcluster.pl\/#\/schema\/logo\/image\/","url":"https:\/\/ictcluster.pl\/wp-content\/uploads\/2023\/01\/lodzki-klaster-ict.png","contentUrl":"https:\/\/ictcluster.pl\/wp-content\/uploads\/2023\/01\/lodzki-klaster-ict.png","width":2694,"height":982,"caption":"\u0141\u00f3dzki Klaster ICT"},"image":{"@id":"https:\/\/ictcluster.pl\/#\/schema\/logo\/image\/"},"sameAs":["https:\/\/www.facebook.com\/KlasterICTLodz"]}]}},"_links":{"self":[{"href":"https:\/\/ictcluster.pl\/en\/wp-json\/wp\/v2\/pages\/2507","targetHints":{"allow":["GET"]}}],"collection":[{"href":"https:\/\/ictcluster.pl\/en\/wp-json\/wp\/v2\/pages"}],"about":[{"href":"https:\/\/ictcluster.pl\/en\/wp-json\/wp\/v2\/types\/page"}],"author":[{"embeddable":true,"href":"https:\/\/ictcluster.pl\/en\/wp-json\/wp\/v2\/users\/2"}],"replies":[{"embeddable":true,"href":"https:\/\/ictcluster.pl\/en\/wp-json\/wp\/v2\/comments?post=2507"}],"version-history":[{"count":55,"href":"https:\/\/ictcluster.pl\/en\/wp-json\/wp\/v2\/pages\/2507\/revisions"}],"predecessor-version":[{"id":4168,"href":"https:\/\/ictcluster.pl\/en\/wp-json\/wp\/v2\/pages\/2507\/revisions\/4168"}],"wp:attachment":[{"href":"https:\/\/ictcluster.pl\/en\/wp-json\/wp\/v2\/media?parent=2507"}],"curies":[{"name":"wp","href":"https:\/\/api.w.org\/{rel}","templated":true}]}}